{"id":35161,"date":"2025-05-26T12:36:55","date_gmt":"2025-05-26T10:36:55","guid":{"rendered":"https:\/\/gastronova.eu\/produkt\/2-karos-kavefozo-4\/"},"modified":"2025-05-26T12:36:55","modified_gmt":"2025-05-26T10:36:55","slug":"2-karos-kavefozo-4","status":"publish","type":"product","link":"https:\/\/gastronova.eu\/hu\/produkt\/2-karos-kavefozo-4\/","title":{"rendered":"2 karos k\u00e1v\u00e9f\u0151z\u0151 4"},"content":{"rendered":"<p>M\u00e9ret: 500 x 530 x 515 mm<\/p>\n<p>S\u00faly: 56 kg<\/p>\n<p>Teljes\u00edtm\u00e9ny: 3,8 kW<\/p>\n<p>Kapacit\u00e1s: 11 L<\/p>\n","protected":false},"excerpt":{"rendered":"<p>M\u00e9ret: 500 x 530 x 515 mm S\u00faly: 56 kg Teljes\u00edtm\u00e9ny: 3,8 kW Kapacit\u00e1s: 11 L<\/p>\n","protected":false},"featured_media":29713,"comment_status":"open","ping_status":"closed","template":"","meta":[],"product_brand":[],"product_cat":[364],"product_tag":[],"class_list":{"0":"post-35161","1":"product","2":"type-product","3":"status-publish","4":"has-post-thumbnail","6":"product_cat-kavefozok","8":"first","9":"instock","10":"sold-individually","11":"shipping-taxable","12":"purchasable","13":"product-type-simple"},"_links":{"self":[{"href":"https:\/\/gastronova.eu\/hu\/wp-json\/wp\/v2\/product\/35161","targetHints":{"allow":["GET"]}}],"collection":[{"href":"https:\/\/gastronova.eu\/hu\/wp-json\/wp\/v2\/product"}],"about":[{"href":"https:\/\/gastronova.eu\/hu\/wp-json\/wp\/v2\/types\/product"}],"replies":[{"embeddable":true,"href":"https:\/\/gastronova.eu\/hu\/wp-json\/wp\/v2\/comments?post=35161"}],"version-history":[{"count":0,"href":"https:\/\/gastronova.eu\/hu\/wp-json\/wp\/v2\/product\/35161\/revisions"}],"wp:featuredmedia":[{"embeddable":true,"href":"https:\/\/gastronova.eu\/hu\/wp-json\/wp\/v2\/media\/29713"}],"wp:attachment":[{"href":"https:\/\/gastronova.eu\/hu\/wp-json\/wp\/v2\/media?parent=35161"}],"wp:term":[{"taxonomy":"product_brand","embeddable":true,"href":"https:\/\/gastronova.eu\/hu\/wp-json\/wp\/v2\/product_brand?post=35161"},{"taxonomy":"product_cat","embeddable":true,"href":"https:\/\/gastronova.eu\/hu\/wp-json\/wp\/v2\/product_cat?post=35161"},{"taxonomy":"product_tag","embeddable":true,"href":"https:\/\/gastronova.eu\/hu\/wp-json\/wp\/v2\/product_tag?post=35161"}],"curies":[{"name":"wp","href":"https:\/\/api.w.org\/{rel}","templated":true}]}}