{"id":35177,"date":"2025-05-23T13:46:42","date_gmt":"2025-05-23T11:46:42","guid":{"rendered":"https:\/\/gastronova.eu\/produkt\/elektromos-pizzasuto-dupla-380-v\/"},"modified":"2025-05-23T13:46:42","modified_gmt":"2025-05-23T11:46:42","slug":"elektromos-pizzasuto-dupla-380-v","status":"publish","type":"product","link":"https:\/\/gastronova.eu\/hu\/produkt\/elektromos-pizzasuto-dupla-380-v\/","title":{"rendered":"Elektromos pizzas\u00fct\u0151 dupla 380 V"},"content":{"rendered":"<p>M\u00e9ret: 900 x 820 x 750 mm<\/p>\n<p>T\u00e1pell\u00e1t\u00e1s: 380 V<\/p>\n<p>T\u00f6meg: 90 kg<\/p>\n<p>Teljes\u00edtm\u00e9ny: 8,4 kW<\/p>\n<p>&nbsp;<\/p>\n","protected":false},"excerpt":{"rendered":"<p>M\u00e9ret: 900 x 820 x 750 mm T\u00e1pell\u00e1t\u00e1s: 380 V T\u00f6meg: 90 kg Teljes\u00edtm\u00e9ny: 8,4 kW &nbsp;<\/p>\n","protected":false},"featured_media":29494,"comment_status":"open","ping_status":"closed","template":"","meta":[],"product_brand":[],"product_cat":[247],"product_tag":[],"class_list":{"0":"post-35177","1":"product","2":"type-product","3":"status-publish","4":"has-post-thumbnail","6":"product_cat-elektromos-pizzasutok","8":"first","9":"instock","10":"sold-individually","11":"shipping-taxable","12":"purchasable","13":"product-type-simple"},"_links":{"self":[{"href":"https:\/\/gastronova.eu\/hu\/wp-json\/wp\/v2\/product\/35177","targetHints":{"allow":["GET"]}}],"collection":[{"href":"https:\/\/gastronova.eu\/hu\/wp-json\/wp\/v2\/product"}],"about":[{"href":"https:\/\/gastronova.eu\/hu\/wp-json\/wp\/v2\/types\/product"}],"replies":[{"embeddable":true,"href":"https:\/\/gastronova.eu\/hu\/wp-json\/wp\/v2\/comments?post=35177"}],"version-history":[{"count":0,"href":"https:\/\/gastronova.eu\/hu\/wp-json\/wp\/v2\/product\/35177\/revisions"}],"wp:featuredmedia":[{"embeddable":true,"href":"https:\/\/gastronova.eu\/hu\/wp-json\/wp\/v2\/media\/29494"}],"wp:attachment":[{"href":"https:\/\/gastronova.eu\/hu\/wp-json\/wp\/v2\/media?parent=35177"}],"wp:term":[{"taxonomy":"product_brand","embeddable":true,"href":"https:\/\/gastronova.eu\/hu\/wp-json\/wp\/v2\/product_brand?post=35177"},{"taxonomy":"product_cat","embeddable":true,"href":"https:\/\/gastronova.eu\/hu\/wp-json\/wp\/v2\/product_cat?post=35177"},{"taxonomy":"product_tag","embeddable":true,"href":"https:\/\/gastronova.eu\/hu\/wp-json\/wp\/v2\/product_tag?post=35177"}],"curies":[{"name":"wp","href":"https:\/\/api.w.org\/{rel}","templated":true}]}}