{"id":35200,"date":"2025-05-23T14:08:30","date_gmt":"2025-05-23T12:08:30","guid":{"rendered":"https:\/\/gastronova.eu\/produkt\/gaztuzhely-4-egovel\/"},"modified":"2025-05-23T14:08:30","modified_gmt":"2025-05-23T12:08:30","slug":"gaztuzhely-4-egovel","status":"publish","type":"product","link":"https:\/\/gastronova.eu\/hu\/produkt\/gaztuzhely-4-egovel\/","title":{"rendered":"G\u00e1zt\u0171zhely 4 \u00e9g\u0151vel"},"content":{"rendered":"<p>M\u00e9ret: 800 x 730 x 940 mm<\/p>\n<p>S\u00faly: 91 kg<\/p>\n<p>\u00c9g\u0151k: 4 db<\/p>\n<p>&nbsp;<\/p>\n","protected":false},"excerpt":{"rendered":"<p>M\u00e9ret: 800 x 730 x 940 mm S\u00faly: 91 kg \u00c9g\u0151k: 4 db &nbsp;<\/p>\n","protected":false},"featured_media":29506,"comment_status":"open","ping_status":"closed","template":"","meta":[],"product_brand":[],"product_cat":[403],"product_tag":[],"class_list":{"0":"post-35200","1":"product","2":"type-product","3":"status-publish","4":"has-post-thumbnail","6":"product_cat-gaztuzhely","8":"first","9":"instock","10":"sold-individually","11":"shipping-taxable","12":"purchasable","13":"product-type-simple"},"_links":{"self":[{"href":"https:\/\/gastronova.eu\/hu\/wp-json\/wp\/v2\/product\/35200","targetHints":{"allow":["GET"]}}],"collection":[{"href":"https:\/\/gastronova.eu\/hu\/wp-json\/wp\/v2\/product"}],"about":[{"href":"https:\/\/gastronova.eu\/hu\/wp-json\/wp\/v2\/types\/product"}],"replies":[{"embeddable":true,"href":"https:\/\/gastronova.eu\/hu\/wp-json\/wp\/v2\/comments?post=35200"}],"version-history":[{"count":0,"href":"https:\/\/gastronova.eu\/hu\/wp-json\/wp\/v2\/product\/35200\/revisions"}],"wp:featuredmedia":[{"embeddable":true,"href":"https:\/\/gastronova.eu\/hu\/wp-json\/wp\/v2\/media\/29506"}],"wp:attachment":[{"href":"https:\/\/gastronova.eu\/hu\/wp-json\/wp\/v2\/media?parent=35200"}],"wp:term":[{"taxonomy":"product_brand","embeddable":true,"href":"https:\/\/gastronova.eu\/hu\/wp-json\/wp\/v2\/product_brand?post=35200"},{"taxonomy":"product_cat","embeddable":true,"href":"https:\/\/gastronova.eu\/hu\/wp-json\/wp\/v2\/product_cat?post=35200"},{"taxonomy":"product_tag","embeddable":true,"href":"https:\/\/gastronova.eu\/hu\/wp-json\/wp\/v2\/product_tag?post=35200"}],"curies":[{"name":"wp","href":"https:\/\/api.w.org\/{rel}","templated":true}]}}