{"id":35206,"date":"2025-05-23T14:12:05","date_gmt":"2025-05-23T12:12:05","guid":{"rendered":"https:\/\/gastronova.eu\/produkt\/st-gaztuzhely-2-egovel\/"},"modified":"2025-05-23T14:12:05","modified_gmt":"2025-05-23T12:12:05","slug":"st-gaztuzhely-2-egovel","status":"publish","type":"product","link":"https:\/\/gastronova.eu\/hu\/produkt\/st-gaztuzhely-2-egovel\/","title":{"rendered":"ST. G\u00e1zt\u0171zhely 2 \u00e9g\u0151vel"},"content":{"rendered":"<p>M\u00e9ret: 400 x 650 x 480 mm<\/p>\n<p>S\u00faly: 31,5 kg<\/p>\n<p>\u00c9g\u0151k\u00e9sz\u00fcl\u00e9kek: 2 db<\/p>\n<p>&nbsp;<\/p>\n","protected":false},"excerpt":{"rendered":"<p>M\u00e9ret: 400 x 650 x 480 mm S\u00faly: 31,5 kg \u00c9g\u0151k\u00e9sz\u00fcl\u00e9kek: 2 db &nbsp;<\/p>\n","protected":false},"featured_media":29509,"comment_status":"open","ping_status":"closed","template":"","meta":[],"product_brand":[],"product_cat":[403],"product_tag":[],"class_list":{"0":"post-35206","1":"product","2":"type-product","3":"status-publish","4":"has-post-thumbnail","6":"product_cat-gaztuzhely","8":"first","9":"instock","10":"sold-individually","11":"shipping-taxable","12":"purchasable","13":"product-type-simple"},"_links":{"self":[{"href":"https:\/\/gastronova.eu\/hu\/wp-json\/wp\/v2\/product\/35206","targetHints":{"allow":["GET"]}}],"collection":[{"href":"https:\/\/gastronova.eu\/hu\/wp-json\/wp\/v2\/product"}],"about":[{"href":"https:\/\/gastronova.eu\/hu\/wp-json\/wp\/v2\/types\/product"}],"replies":[{"embeddable":true,"href":"https:\/\/gastronova.eu\/hu\/wp-json\/wp\/v2\/comments?post=35206"}],"version-history":[{"count":0,"href":"https:\/\/gastronova.eu\/hu\/wp-json\/wp\/v2\/product\/35206\/revisions"}],"wp:featuredmedia":[{"embeddable":true,"href":"https:\/\/gastronova.eu\/hu\/wp-json\/wp\/v2\/media\/29509"}],"wp:attachment":[{"href":"https:\/\/gastronova.eu\/hu\/wp-json\/wp\/v2\/media?parent=35206"}],"wp:term":[{"taxonomy":"product_brand","embeddable":true,"href":"https:\/\/gastronova.eu\/hu\/wp-json\/wp\/v2\/product_brand?post=35206"},{"taxonomy":"product_cat","embeddable":true,"href":"https:\/\/gastronova.eu\/hu\/wp-json\/wp\/v2\/product_cat?post=35206"},{"taxonomy":"product_tag","embeddable":true,"href":"https:\/\/gastronova.eu\/hu\/wp-json\/wp\/v2\/product_tag?post=35206"}],"curies":[{"name":"wp","href":"https:\/\/api.w.org\/{rel}","templated":true}]}}