{"id":35218,"date":"2025-05-23T14:28:06","date_gmt":"2025-05-23T12:28:06","guid":{"rendered":"https:\/\/gastronova.eu\/produkt\/elektromos-tuzhely-4-egovel\/"},"modified":"2025-05-23T14:28:06","modified_gmt":"2025-05-23T12:28:06","slug":"elektromos-tuzhely-4-egovel","status":"publish","type":"product","link":"https:\/\/gastronova.eu\/hu\/produkt\/elektromos-tuzhely-4-egovel\/","title":{"rendered":"Elektromos t\u0171zhely 4 \u00e9g\u0151vel"},"content":{"rendered":"<p>M\u00e9ret: 800 x 730 x 940 mm<\/p>\n<p>S\u00faly: 80 kg<\/p>\n<p>\u00c9g\u0151k: 4<\/p>\n<p>Teljes\u00edtm\u00e9ny: 10,4 kW<\/p>\n<p>\u00c1ramell\u00e1t\u00e1s: 380 V<\/p>\n<p>&nbsp;<\/p>\n","protected":false},"excerpt":{"rendered":"<p>M\u00e9ret: 800 x 730 x 940 mm S\u00faly: 80 kg \u00c9g\u0151k: 4 Teljes\u00edtm\u00e9ny: 10,4 kW \u00c1ramell\u00e1t\u00e1s: 380 V &nbsp;<\/p>\n","protected":false},"featured_media":29527,"comment_status":"open","ping_status":"closed","template":"","meta":[],"product_brand":[],"product_cat":[362],"product_tag":[],"class_list":{"0":"post-35218","1":"product","2":"type-product","3":"status-publish","4":"has-post-thumbnail","6":"product_cat-elektromos-tuzhely","8":"first","9":"instock","10":"sold-individually","11":"shipping-taxable","12":"purchasable","13":"product-type-simple"},"_links":{"self":[{"href":"https:\/\/gastronova.eu\/hu\/wp-json\/wp\/v2\/product\/35218","targetHints":{"allow":["GET"]}}],"collection":[{"href":"https:\/\/gastronova.eu\/hu\/wp-json\/wp\/v2\/product"}],"about":[{"href":"https:\/\/gastronova.eu\/hu\/wp-json\/wp\/v2\/types\/product"}],"replies":[{"embeddable":true,"href":"https:\/\/gastronova.eu\/hu\/wp-json\/wp\/v2\/comments?post=35218"}],"version-history":[{"count":0,"href":"https:\/\/gastronova.eu\/hu\/wp-json\/wp\/v2\/product\/35218\/revisions"}],"wp:featuredmedia":[{"embeddable":true,"href":"https:\/\/gastronova.eu\/hu\/wp-json\/wp\/v2\/media\/29527"}],"wp:attachment":[{"href":"https:\/\/gastronova.eu\/hu\/wp-json\/wp\/v2\/media?parent=35218"}],"wp:term":[{"taxonomy":"product_brand","embeddable":true,"href":"https:\/\/gastronova.eu\/hu\/wp-json\/wp\/v2\/product_brand?post=35218"},{"taxonomy":"product_cat","embeddable":true,"href":"https:\/\/gastronova.eu\/hu\/wp-json\/wp\/v2\/product_cat?post=35218"},{"taxonomy":"product_tag","embeddable":true,"href":"https:\/\/gastronova.eu\/hu\/wp-json\/wp\/v2\/product_tag?post=35218"}],"curies":[{"name":"wp","href":"https:\/\/api.w.org\/{rel}","templated":true}]}}