{"id":35233,"date":"2025-05-23T14:32:46","date_gmt":"2025-05-23T12:32:46","guid":{"rendered":"https:\/\/gastronova.eu\/produkt\/st-elektromos-tuzhely-4-egovel\/"},"modified":"2025-05-23T14:32:46","modified_gmt":"2025-05-23T12:32:46","slug":"st-elektromos-tuzhely-4-egovel","status":"publish","type":"product","link":"https:\/\/gastronova.eu\/hu\/produkt\/st-elektromos-tuzhely-4-egovel\/","title":{"rendered":"ST- Elektromos t\u0171zhely 4 \u00e9g\u0151vel"},"content":{"rendered":"<p>M\u00e9ret: 600 x 650 x 480 mm<\/p>\n<p>S\u00faly: 18,5 kg<\/p>\n<p>\u00c9g\u0151k: 4<\/p>\n<p>Teljes\u00edtm\u00e9ny: 8 kW<\/p>\n<p>\u00c1ramell\u00e1t\u00e1s: 220 V<\/p>\n<p>&nbsp;<\/p>\n","protected":false},"excerpt":{"rendered":"<p>M\u00e9ret: 600 x 650 x 480 mm S\u00faly: 18,5 kg \u00c9g\u0151k: 4 Teljes\u00edtm\u00e9ny: 8 kW \u00c1ramell\u00e1t\u00e1s: 220 V &nbsp;<\/p>\n","protected":false},"featured_media":29534,"comment_status":"open","ping_status":"closed","template":"","meta":[],"product_brand":[],"product_cat":[362],"product_tag":[],"class_list":{"0":"post-35233","1":"product","2":"type-product","3":"status-publish","4":"has-post-thumbnail","6":"product_cat-elektromos-tuzhely","8":"first","9":"instock","10":"sold-individually","11":"shipping-taxable","12":"purchasable","13":"product-type-simple"},"_links":{"self":[{"href":"https:\/\/gastronova.eu\/hu\/wp-json\/wp\/v2\/product\/35233","targetHints":{"allow":["GET"]}}],"collection":[{"href":"https:\/\/gastronova.eu\/hu\/wp-json\/wp\/v2\/product"}],"about":[{"href":"https:\/\/gastronova.eu\/hu\/wp-json\/wp\/v2\/types\/product"}],"replies":[{"embeddable":true,"href":"https:\/\/gastronova.eu\/hu\/wp-json\/wp\/v2\/comments?post=35233"}],"version-history":[{"count":0,"href":"https:\/\/gastronova.eu\/hu\/wp-json\/wp\/v2\/product\/35233\/revisions"}],"wp:featuredmedia":[{"embeddable":true,"href":"https:\/\/gastronova.eu\/hu\/wp-json\/wp\/v2\/media\/29534"}],"wp:attachment":[{"href":"https:\/\/gastronova.eu\/hu\/wp-json\/wp\/v2\/media?parent=35233"}],"wp:term":[{"taxonomy":"product_brand","embeddable":true,"href":"https:\/\/gastronova.eu\/hu\/wp-json\/wp\/v2\/product_brand?post=35233"},{"taxonomy":"product_cat","embeddable":true,"href":"https:\/\/gastronova.eu\/hu\/wp-json\/wp\/v2\/product_cat?post=35233"},{"taxonomy":"product_tag","embeddable":true,"href":"https:\/\/gastronova.eu\/hu\/wp-json\/wp\/v2\/product_tag?post=35233"}],"curies":[{"name":"wp","href":"https:\/\/api.w.org\/{rel}","templated":true}]}}