{"id":35310,"date":"2025-05-22T12:49:07","date_gmt":"2025-05-22T10:49:07","guid":{"rendered":"https:\/\/gastronova.eu\/produkt\/hr-torta-hutoszekreny-1500\/"},"modified":"2025-07-01T12:53:06","modified_gmt":"2025-07-01T10:53:06","slug":"hr-fagyasztolada-1500","status":"publish","type":"product","link":"https:\/\/gastronova.eu\/hu\/produkt\/hr-fagyasztolada-1500\/","title":{"rendered":"HR. Fagyaszt\u00f3l\u00e1da 1500"},"content":{"rendered":"<p>M\u00e9ret: 1500 x 660 x 1200 mm<\/p>\n<p>Teljes\u00edtm\u00e9ny: 0,450 kW<\/p>\n<p>T\u00e1vols\u00e1g: <em>2-8\u00b0C<\/em><\/p>\n<p>L\u00e9gh\u0171t\u00e9s harmat n\u00e9lk\u00fcl<\/p>\n<p>&nbsp;<\/p>\n","protected":false},"excerpt":{"rendered":"<p>M\u00e9ret: 1500 x 660 x 1200 mm Teljes\u00edtm\u00e9ny: 0,450 kW T\u00e1vols\u00e1g: 2-8\u00b0C L\u00e9gh\u0171t\u00e9s harmat n\u00e9lk\u00fcl &nbsp;<\/p>\n","protected":false},"featured_media":33238,"comment_status":"open","ping_status":"closed","template":"","meta":[],"product_brand":[],"product_cat":[452],"product_tag":[],"class_list":{"0":"post-35310","1":"product","2":"type-product","3":"status-publish","4":"has-post-thumbnail","6":"product_cat-hutoszekrenyek-sutemenyekhez","8":"first","9":"instock","10":"sold-individually","11":"shipping-taxable","12":"purchasable","13":"product-type-simple"},"_links":{"self":[{"href":"https:\/\/gastronova.eu\/hu\/wp-json\/wp\/v2\/product\/35310","targetHints":{"allow":["GET"]}}],"collection":[{"href":"https:\/\/gastronova.eu\/hu\/wp-json\/wp\/v2\/product"}],"about":[{"href":"https:\/\/gastronova.eu\/hu\/wp-json\/wp\/v2\/types\/product"}],"replies":[{"embeddable":true,"href":"https:\/\/gastronova.eu\/hu\/wp-json\/wp\/v2\/comments?post=35310"}],"version-history":[{"count":1,"href":"https:\/\/gastronova.eu\/hu\/wp-json\/wp\/v2\/product\/35310\/revisions"}],"predecessor-version":[{"id":36658,"href":"https:\/\/gastronova.eu\/hu\/wp-json\/wp\/v2\/product\/35310\/revisions\/36658"}],"wp:featuredmedia":[{"embeddable":true,"href":"https:\/\/gastronova.eu\/hu\/wp-json\/wp\/v2\/media\/33238"}],"wp:attachment":[{"href":"https:\/\/gastronova.eu\/hu\/wp-json\/wp\/v2\/media?parent=35310"}],"wp:term":[{"taxonomy":"product_brand","embeddable":true,"href":"https:\/\/gastronova.eu\/hu\/wp-json\/wp\/v2\/product_brand?post=35310"},{"taxonomy":"product_cat","embeddable":true,"href":"https:\/\/gastronova.eu\/hu\/wp-json\/wp\/v2\/product_cat?post=35310"},{"taxonomy":"product_tag","embeddable":true,"href":"https:\/\/gastronova.eu\/hu\/wp-json\/wp\/v2\/product_tag?post=35310"}],"curies":[{"name":"wp","href":"https:\/\/api.w.org\/{rel}","templated":true}]}}