{"id":35315,"date":"2025-05-22T12:55:55","date_gmt":"2025-05-22T10:55:55","guid":{"rendered":"https:\/\/gastronova.eu\/produkt\/torta-hutoszekreny-1800\/"},"modified":"2025-07-01T12:50:38","modified_gmt":"2025-07-01T10:50:38","slug":"fagyasztolada-1800","status":"publish","type":"product","link":"https:\/\/gastronova.eu\/hu\/produkt\/fagyasztolada-1800\/","title":{"rendered":"Fagyaszt\u00f3l\u00e1da 1800"},"content":{"rendered":"<p>M\u00e9ret: 1800 x 660 x 1200 mm<\/p>\n<p>Teljes\u00edtm\u00e9ny: 0,450 kW<\/p>\n<p>T\u00e1vols\u00e1g: <em>2-8\u00b0C<\/em><\/p>\n<p>L\u00e9gh\u0171t\u00e9s harmat n\u00e9lk\u00fcl<\/p>\n<p>&nbsp;<\/p>\n","protected":false},"excerpt":{"rendered":"<p>M\u00e9ret: 1800 x 660 x 1200 mm Teljes\u00edtm\u00e9ny: 0,450 kW T\u00e1vols\u00e1g: 2-8\u00b0C L\u00e9gh\u0171t\u00e9s harmat n\u00e9lk\u00fcl &nbsp;<\/p>\n","protected":false},"featured_media":33242,"comment_status":"open","ping_status":"closed","template":"","meta":[],"product_brand":[],"product_cat":[452],"product_tag":[],"class_list":{"0":"post-35315","1":"product","2":"type-product","3":"status-publish","4":"has-post-thumbnail","6":"product_cat-hutoszekrenyek-sutemenyekhez","8":"first","9":"instock","10":"sold-individually","11":"shipping-taxable","12":"purchasable","13":"product-type-simple"},"_links":{"self":[{"href":"https:\/\/gastronova.eu\/hu\/wp-json\/wp\/v2\/product\/35315","targetHints":{"allow":["GET"]}}],"collection":[{"href":"https:\/\/gastronova.eu\/hu\/wp-json\/wp\/v2\/product"}],"about":[{"href":"https:\/\/gastronova.eu\/hu\/wp-json\/wp\/v2\/types\/product"}],"replies":[{"embeddable":true,"href":"https:\/\/gastronova.eu\/hu\/wp-json\/wp\/v2\/comments?post=35315"}],"version-history":[{"count":1,"href":"https:\/\/gastronova.eu\/hu\/wp-json\/wp\/v2\/product\/35315\/revisions"}],"predecessor-version":[{"id":36656,"href":"https:\/\/gastronova.eu\/hu\/wp-json\/wp\/v2\/product\/35315\/revisions\/36656"}],"wp:featuredmedia":[{"embeddable":true,"href":"https:\/\/gastronova.eu\/hu\/wp-json\/wp\/v2\/media\/33242"}],"wp:attachment":[{"href":"https:\/\/gastronova.eu\/hu\/wp-json\/wp\/v2\/media?parent=35315"}],"wp:term":[{"taxonomy":"product_brand","embeddable":true,"href":"https:\/\/gastronova.eu\/hu\/wp-json\/wp\/v2\/product_brand?post=35315"},{"taxonomy":"product_cat","embeddable":true,"href":"https:\/\/gastronova.eu\/hu\/wp-json\/wp\/v2\/product_cat?post=35315"},{"taxonomy":"product_tag","embeddable":true,"href":"https:\/\/gastronova.eu\/hu\/wp-json\/wp\/v2\/product_tag?post=35315"}],"curies":[{"name":"wp","href":"https:\/\/api.w.org\/{rel}","templated":true}]}}