{"id":35323,"date":"2025-05-22T13:16:54","date_gmt":"2025-05-22T11:16:54","guid":{"rendered":"https:\/\/gastronova.eu\/produkt\/gazfritoz-1-kosar-28l\/"},"modified":"2025-05-22T13:16:54","modified_gmt":"2025-05-22T11:16:54","slug":"gazfritoz-1-kosar-28l","status":"publish","type":"product","link":"https:\/\/gastronova.eu\/hu\/produkt\/gazfritoz-1-kosar-28l\/","title":{"rendered":"G\u00e1zfrit\u0151z 1 kos\u00e1r 28L"},"content":{"rendered":"<p>M\u00e9ret: 400 x 730 x 940 mm<\/p>\n<p>S\u00faly: 48 kg<\/p>\n<p>Kapacit\u00e1s: 1 x 28 L<\/p>\n<p>&nbsp;<\/p>\n<p>&nbsp;<\/p>\n","protected":false},"excerpt":{"rendered":"<p>M\u00e9ret: 400 x 730 x 940 mm S\u00faly: 48 kg Kapacit\u00e1s: 1 x 28 L &nbsp; &nbsp;<\/p>\n","protected":false},"featured_media":29291,"comment_status":"open","ping_status":"closed","template":"","meta":[],"product_brand":[],"product_cat":[456],"product_tag":[],"class_list":{"0":"post-35323","1":"product","2":"type-product","3":"status-publish","4":"has-post-thumbnail","6":"product_cat-gazuzemu-sutok","8":"first","9":"instock","10":"sold-individually","11":"shipping-taxable","12":"purchasable","13":"product-type-simple"},"_links":{"self":[{"href":"https:\/\/gastronova.eu\/hu\/wp-json\/wp\/v2\/product\/35323","targetHints":{"allow":["GET"]}}],"collection":[{"href":"https:\/\/gastronova.eu\/hu\/wp-json\/wp\/v2\/product"}],"about":[{"href":"https:\/\/gastronova.eu\/hu\/wp-json\/wp\/v2\/types\/product"}],"replies":[{"embeddable":true,"href":"https:\/\/gastronova.eu\/hu\/wp-json\/wp\/v2\/comments?post=35323"}],"version-history":[{"count":0,"href":"https:\/\/gastronova.eu\/hu\/wp-json\/wp\/v2\/product\/35323\/revisions"}],"wp:featuredmedia":[{"embeddable":true,"href":"https:\/\/gastronova.eu\/hu\/wp-json\/wp\/v2\/media\/29291"}],"wp:attachment":[{"href":"https:\/\/gastronova.eu\/hu\/wp-json\/wp\/v2\/media?parent=35323"}],"wp:term":[{"taxonomy":"product_brand","embeddable":true,"href":"https:\/\/gastronova.eu\/hu\/wp-json\/wp\/v2\/product_brand?post=35323"},{"taxonomy":"product_cat","embeddable":true,"href":"https:\/\/gastronova.eu\/hu\/wp-json\/wp\/v2\/product_cat?post=35323"},{"taxonomy":"product_tag","embeddable":true,"href":"https:\/\/gastronova.eu\/hu\/wp-json\/wp\/v2\/product_tag?post=35323"}],"curies":[{"name":"wp","href":"https:\/\/api.w.org\/{rel}","templated":true}]}}