{"id":35348,"date":"2025-05-22T14:02:46","date_gmt":"2025-05-22T12:02:46","guid":{"rendered":"https:\/\/gastronova.eu\/produkt\/st-gazfritoz-1-kosar-6l\/"},"modified":"2025-05-22T14:02:46","modified_gmt":"2025-05-22T12:02:46","slug":"st-gazfritoz-1-kosar-6l","status":"publish","type":"product","link":"https:\/\/gastronova.eu\/hu\/produkt\/st-gazfritoz-1-kosar-6l\/","title":{"rendered":"ST. G\u00e1zfrit\u0151z 1 kos\u00e1r 6L"},"content":{"rendered":"<p>M\u00e9ret: 290 x 520 x 460 mm<\/p>\n<p>S\u00faly: 9,5 kg<\/p>\n<p>Kapacit\u00e1s: 1 x 6 L<\/p>\n<p>&nbsp;<\/p>\n<p>&nbsp;<\/p>\n","protected":false},"excerpt":{"rendered":"<p>M\u00e9ret: 290 x 520 x 460 mm S\u00faly: 9,5 kg Kapacit\u00e1s: 1 x 6 L &nbsp; &nbsp;<\/p>\n","protected":false},"featured_media":29329,"comment_status":"open","ping_status":"closed","template":"","meta":[],"product_brand":[],"product_cat":[456],"product_tag":[],"class_list":{"0":"post-35348","1":"product","2":"type-product","3":"status-publish","4":"has-post-thumbnail","6":"product_cat-gazuzemu-sutok","8":"first","9":"instock","10":"sold-individually","11":"shipping-taxable","12":"purchasable","13":"product-type-simple"},"_links":{"self":[{"href":"https:\/\/gastronova.eu\/hu\/wp-json\/wp\/v2\/product\/35348","targetHints":{"allow":["GET"]}}],"collection":[{"href":"https:\/\/gastronova.eu\/hu\/wp-json\/wp\/v2\/product"}],"about":[{"href":"https:\/\/gastronova.eu\/hu\/wp-json\/wp\/v2\/types\/product"}],"replies":[{"embeddable":true,"href":"https:\/\/gastronova.eu\/hu\/wp-json\/wp\/v2\/comments?post=35348"}],"version-history":[{"count":0,"href":"https:\/\/gastronova.eu\/hu\/wp-json\/wp\/v2\/product\/35348\/revisions"}],"wp:featuredmedia":[{"embeddable":true,"href":"https:\/\/gastronova.eu\/hu\/wp-json\/wp\/v2\/media\/29329"}],"wp:attachment":[{"href":"https:\/\/gastronova.eu\/hu\/wp-json\/wp\/v2\/media?parent=35348"}],"wp:term":[{"taxonomy":"product_brand","embeddable":true,"href":"https:\/\/gastronova.eu\/hu\/wp-json\/wp\/v2\/product_brand?post=35348"},{"taxonomy":"product_cat","embeddable":true,"href":"https:\/\/gastronova.eu\/hu\/wp-json\/wp\/v2\/product_cat?post=35348"},{"taxonomy":"product_tag","embeddable":true,"href":"https:\/\/gastronova.eu\/hu\/wp-json\/wp\/v2\/product_tag?post=35348"}],"curies":[{"name":"wp","href":"https:\/\/api.w.org\/{rel}","templated":true}]}}