{"id":35349,"date":"2025-05-22T13:59:41","date_gmt":"2025-05-22T11:59:41","guid":{"rendered":"https:\/\/gastronova.eu\/produkt\/st-gazsuto-2-kosar-18l\/"},"modified":"2025-05-22T13:59:41","modified_gmt":"2025-05-22T11:59:41","slug":"st-gazsuto-2-kosar-18l","status":"publish","type":"product","link":"https:\/\/gastronova.eu\/hu\/produkt\/st-gazsuto-2-kosar-18l\/","title":{"rendered":"ST. G\u00e1zs\u00fct\u0151 2 kos\u00e1r 18L"},"content":{"rendered":"<p>M\u00e9ret: 680 x 615 x 630 mm<\/p>\n<p>S\u00faly: 39 kg<\/p>\n<p>Kapacit\u00e1s: 2 x 18 L<\/p>\n<p>&nbsp;<\/p>\n<p>&nbsp;<\/p>\n","protected":false},"excerpt":{"rendered":"<p>M\u00e9ret: 680 x 615 x 630 mm S\u00faly: 39 kg Kapacit\u00e1s: 2 x 18 L &nbsp; &nbsp;<\/p>\n","protected":false},"featured_media":29326,"comment_status":"open","ping_status":"closed","template":"","meta":[],"product_brand":[],"product_cat":[456],"product_tag":[],"class_list":{"0":"post-35349","1":"product","2":"type-product","3":"status-publish","4":"has-post-thumbnail","6":"product_cat-gazuzemu-sutok","8":"first","9":"instock","10":"sold-individually","11":"shipping-taxable","12":"purchasable","13":"product-type-simple"},"_links":{"self":[{"href":"https:\/\/gastronova.eu\/hu\/wp-json\/wp\/v2\/product\/35349","targetHints":{"allow":["GET"]}}],"collection":[{"href":"https:\/\/gastronova.eu\/hu\/wp-json\/wp\/v2\/product"}],"about":[{"href":"https:\/\/gastronova.eu\/hu\/wp-json\/wp\/v2\/types\/product"}],"replies":[{"embeddable":true,"href":"https:\/\/gastronova.eu\/hu\/wp-json\/wp\/v2\/comments?post=35349"}],"version-history":[{"count":0,"href":"https:\/\/gastronova.eu\/hu\/wp-json\/wp\/v2\/product\/35349\/revisions"}],"wp:featuredmedia":[{"embeddable":true,"href":"https:\/\/gastronova.eu\/hu\/wp-json\/wp\/v2\/media\/29326"}],"wp:attachment":[{"href":"https:\/\/gastronova.eu\/hu\/wp-json\/wp\/v2\/media?parent=35349"}],"wp:term":[{"taxonomy":"product_brand","embeddable":true,"href":"https:\/\/gastronova.eu\/hu\/wp-json\/wp\/v2\/product_brand?post=35349"},{"taxonomy":"product_cat","embeddable":true,"href":"https:\/\/gastronova.eu\/hu\/wp-json\/wp\/v2\/product_cat?post=35349"},{"taxonomy":"product_tag","embeddable":true,"href":"https:\/\/gastronova.eu\/hu\/wp-json\/wp\/v2\/product_tag?post=35349"}],"curies":[{"name":"wp","href":"https:\/\/api.w.org\/{rel}","templated":true}]}}