{"id":35368,"date":"2025-05-22T14:27:57","date_gmt":"2025-05-22T12:27:57","guid":{"rendered":"https:\/\/gastronova.eu\/produkt\/st-el-fryer-2-kosar-14l\/"},"modified":"2025-05-22T14:27:57","modified_gmt":"2025-05-22T12:27:57","slug":"st-el-fryer-2-kosar-14l","status":"publish","type":"product","link":"https:\/\/gastronova.eu\/hu\/produkt\/st-el-fryer-2-kosar-14l\/","title":{"rendered":"ST. EL. Fryer 2 kos\u00e1r 14L"},"content":{"rendered":"<p>M\u00e9ret: 600 x 650 x 480 mm<\/p>\n<p>S\u00faly: 18 kg<\/p>\n<p>Kapacit\u00e1s: 2 x 14 L<\/p>\n<p>Teljes\u00edtm\u00e9ny: 7,6 kW<\/p>\n","protected":false},"excerpt":{"rendered":"<p>M\u00e9ret: 600 x 650 x 480 mm S\u00faly: 18 kg Kapacit\u00e1s: 2 x 14 L Teljes\u00edtm\u00e9ny: 7,6 kW<\/p>\n","protected":false},"featured_media":29343,"comment_status":"open","ping_status":"closed","template":"","meta":[],"product_brand":[],"product_cat":[393],"product_tag":[],"class_list":{"0":"post-35368","1":"product","2":"type-product","3":"status-publish","4":"has-post-thumbnail","6":"product_cat-elektromos-fritozok","8":"first","9":"instock","10":"sold-individually","11":"shipping-taxable","12":"purchasable","13":"product-type-simple"},"_links":{"self":[{"href":"https:\/\/gastronova.eu\/hu\/wp-json\/wp\/v2\/product\/35368","targetHints":{"allow":["GET"]}}],"collection":[{"href":"https:\/\/gastronova.eu\/hu\/wp-json\/wp\/v2\/product"}],"about":[{"href":"https:\/\/gastronova.eu\/hu\/wp-json\/wp\/v2\/types\/product"}],"replies":[{"embeddable":true,"href":"https:\/\/gastronova.eu\/hu\/wp-json\/wp\/v2\/comments?post=35368"}],"version-history":[{"count":0,"href":"https:\/\/gastronova.eu\/hu\/wp-json\/wp\/v2\/product\/35368\/revisions"}],"wp:featuredmedia":[{"embeddable":true,"href":"https:\/\/gastronova.eu\/hu\/wp-json\/wp\/v2\/media\/29343"}],"wp:attachment":[{"href":"https:\/\/gastronova.eu\/hu\/wp-json\/wp\/v2\/media?parent=35368"}],"wp:term":[{"taxonomy":"product_brand","embeddable":true,"href":"https:\/\/gastronova.eu\/hu\/wp-json\/wp\/v2\/product_brand?post=35368"},{"taxonomy":"product_cat","embeddable":true,"href":"https:\/\/gastronova.eu\/hu\/wp-json\/wp\/v2\/product_cat?post=35368"},{"taxonomy":"product_tag","embeddable":true,"href":"https:\/\/gastronova.eu\/hu\/wp-json\/wp\/v2\/product_tag?post=35368"}],"curies":[{"name":"wp","href":"https:\/\/api.w.org\/{rel}","templated":true}]}}