{"id":35384,"date":"2025-05-21T12:29:51","date_gmt":"2025-05-21T10:29:51","guid":{"rendered":"https:\/\/gastronova.eu\/produkt\/rozsdamentes-acel-pult\/"},"modified":"2025-05-21T12:29:51","modified_gmt":"2025-05-21T10:29:51","slug":"rozsdamentes-acel-pult","status":"publish","type":"product","link":"https:\/\/gastronova.eu\/hu\/produkt\/rozsdamentes-acel-pult\/","title":{"rendered":"Rozsdamentes ac\u00e9l pult"},"content":{"rendered":"<p>T\u00e1rol\u00f3hely<\/p>\n<p>Az \u00e1r 1 m\u00e9terre vonatkozik.<\/p>\n","protected":false},"excerpt":{"rendered":"<p>T\u00e1rol\u00f3hely Az \u00e1r 1 m\u00e9terre vonatkozik.<\/p>\n","protected":false},"featured_media":28883,"comment_status":"open","ping_status":"closed","template":"","meta":[],"product_brand":[],"product_cat":[261,459],"product_tag":[],"class_list":{"0":"post-35384","1":"product","2":"type-product","3":"status-publish","4":"has-post-thumbnail","6":"product_cat-tartozekok-potkocsikhoz","7":"product_cat-szekrenyek-es-pultok","9":"first","10":"instock","11":"sold-individually","12":"shipping-taxable","13":"purchasable","14":"product-type-simple"},"_links":{"self":[{"href":"https:\/\/gastronova.eu\/hu\/wp-json\/wp\/v2\/product\/35384","targetHints":{"allow":["GET"]}}],"collection":[{"href":"https:\/\/gastronova.eu\/hu\/wp-json\/wp\/v2\/product"}],"about":[{"href":"https:\/\/gastronova.eu\/hu\/wp-json\/wp\/v2\/types\/product"}],"replies":[{"embeddable":true,"href":"https:\/\/gastronova.eu\/hu\/wp-json\/wp\/v2\/comments?post=35384"}],"version-history":[{"count":0,"href":"https:\/\/gastronova.eu\/hu\/wp-json\/wp\/v2\/product\/35384\/revisions"}],"wp:featuredmedia":[{"embeddable":true,"href":"https:\/\/gastronova.eu\/hu\/wp-json\/wp\/v2\/media\/28883"}],"wp:attachment":[{"href":"https:\/\/gastronova.eu\/hu\/wp-json\/wp\/v2\/media?parent=35384"}],"wp:term":[{"taxonomy":"product_brand","embeddable":true,"href":"https:\/\/gastronova.eu\/hu\/wp-json\/wp\/v2\/product_brand?post=35384"},{"taxonomy":"product_cat","embeddable":true,"href":"https:\/\/gastronova.eu\/hu\/wp-json\/wp\/v2\/product_cat?post=35384"},{"taxonomy":"product_tag","embeddable":true,"href":"https:\/\/gastronova.eu\/hu\/wp-json\/wp\/v2\/product_tag?post=35384"}],"curies":[{"name":"wp","href":"https:\/\/api.w.org\/{rel}","templated":true}]}}