{"id":35405,"date":"2025-05-21T13:24:19","date_gmt":"2025-05-21T11:24:19","guid":{"rendered":"https:\/\/gastronova.eu\/produkt\/hutoszekreny-fagyaszto\/"},"modified":"2025-05-21T13:24:19","modified_gmt":"2025-05-21T11:24:19","slug":"hutoszekreny-fagyaszto","status":"publish","type":"product","link":"https:\/\/gastronova.eu\/hu\/produkt\/hutoszekreny-fagyaszto\/","title":{"rendered":"H\u0171t\u0151szekr\u00e9ny\/fagyaszt\u00f3"},"content":{"rendered":"<p>M\u00e9ret: 1200 \/ 1500 \/ 1800 \/ 2000 x 600 x 800 mm<\/p>\n<p>Tartom\u00e1ny: -18 \u00e9s +18\u00b0C k\u00f6z\u00f6tt<\/p>\n<p>Kapacit\u00e1s: 170\/240\/310\/350 L<\/p>\n<p>Teljes\u00edtm\u00e9ny: 0,25 kW<\/p>\n","protected":false},"excerpt":{"rendered":"<p>M\u00e9ret: 1200 \/ 1500 \/ 1800 \/ 2000 x 600 x 800 mm Tartom\u00e1ny: -18 \u00e9s +18\u00b0C k\u00f6z\u00f6tt Kapacit\u00e1s: 170\/240\/310\/350<\/p>\n","protected":false},"featured_media":28913,"comment_status":"open","ping_status":"closed","template":"","meta":[],"product_brand":[],"product_cat":[467],"product_tag":[],"class_list":{"0":"post-35405","1":"product","2":"type-product","3":"status-publish","4":"has-post-thumbnail","6":"product_cat-hutoszekrenyek-fagyasztok","8":"first","9":"instock","10":"sold-individually","11":"shipping-taxable","12":"purchasable","13":"product-type-simple"},"_links":{"self":[{"href":"https:\/\/gastronova.eu\/hu\/wp-json\/wp\/v2\/product\/35405","targetHints":{"allow":["GET"]}}],"collection":[{"href":"https:\/\/gastronova.eu\/hu\/wp-json\/wp\/v2\/product"}],"about":[{"href":"https:\/\/gastronova.eu\/hu\/wp-json\/wp\/v2\/types\/product"}],"replies":[{"embeddable":true,"href":"https:\/\/gastronova.eu\/hu\/wp-json\/wp\/v2\/comments?post=35405"}],"version-history":[{"count":0,"href":"https:\/\/gastronova.eu\/hu\/wp-json\/wp\/v2\/product\/35405\/revisions"}],"wp:featuredmedia":[{"embeddable":true,"href":"https:\/\/gastronova.eu\/hu\/wp-json\/wp\/v2\/media\/28913"}],"wp:attachment":[{"href":"https:\/\/gastronova.eu\/hu\/wp-json\/wp\/v2\/media?parent=35405"}],"wp:term":[{"taxonomy":"product_brand","embeddable":true,"href":"https:\/\/gastronova.eu\/hu\/wp-json\/wp\/v2\/product_brand?post=35405"},{"taxonomy":"product_cat","embeddable":true,"href":"https:\/\/gastronova.eu\/hu\/wp-json\/wp\/v2\/product_cat?post=35405"},{"taxonomy":"product_tag","embeddable":true,"href":"https:\/\/gastronova.eu\/hu\/wp-json\/wp\/v2\/product_tag?post=35405"}],"curies":[{"name":"wp","href":"https:\/\/api.w.org\/{rel}","templated":true}]}}