{"id":35406,"date":"2025-05-21T13:11:24","date_gmt":"2025-05-21T11:11:24","guid":{"rendered":"https:\/\/gastronova.eu\/produkt\/benzin-generator\/"},"modified":"2025-05-21T13:11:24","modified_gmt":"2025-05-21T11:11:24","slug":"benzin-generator","status":"publish","type":"product","link":"https:\/\/gastronova.eu\/hu\/produkt\/benzin-generator\/","title":{"rendered":"Benzin gener\u00e1tor"},"content":{"rendered":"<p>Teljes\u00edtm\u00e9ny:<\/p>\n<p>3,5 kW<\/p>\n<p>5,8 kW<\/p>\n<p>Csendes m\u0171k\u00f6d\u00e9s<\/p>\n","protected":false},"excerpt":{"rendered":"<p>Teljes\u00edtm\u00e9ny: 3,5 kW 5,8 kW Csendes m\u0171k\u00f6d\u00e9s<\/p>\n","protected":false},"featured_media":28902,"comment_status":"open","ping_status":"closed","template":"","meta":[],"product_brand":[],"product_cat":[261,463],"product_tag":[],"class_list":{"0":"post-35406","1":"product","2":"type-product","3":"status-publish","4":"has-post-thumbnail","6":"product_cat-tartozekok-potkocsikhoz","7":"product_cat-generatorok","9":"first","10":"instock","11":"sold-individually","12":"shipping-taxable","13":"purchasable","14":"product-type-simple"},"_links":{"self":[{"href":"https:\/\/gastronova.eu\/hu\/wp-json\/wp\/v2\/product\/35406","targetHints":{"allow":["GET"]}}],"collection":[{"href":"https:\/\/gastronova.eu\/hu\/wp-json\/wp\/v2\/product"}],"about":[{"href":"https:\/\/gastronova.eu\/hu\/wp-json\/wp\/v2\/types\/product"}],"replies":[{"embeddable":true,"href":"https:\/\/gastronova.eu\/hu\/wp-json\/wp\/v2\/comments?post=35406"}],"version-history":[{"count":0,"href":"https:\/\/gastronova.eu\/hu\/wp-json\/wp\/v2\/product\/35406\/revisions"}],"wp:featuredmedia":[{"embeddable":true,"href":"https:\/\/gastronova.eu\/hu\/wp-json\/wp\/v2\/media\/28902"}],"wp:attachment":[{"href":"https:\/\/gastronova.eu\/hu\/wp-json\/wp\/v2\/media?parent=35406"}],"wp:term":[{"taxonomy":"product_brand","embeddable":true,"href":"https:\/\/gastronova.eu\/hu\/wp-json\/wp\/v2\/product_brand?post=35406"},{"taxonomy":"product_cat","embeddable":true,"href":"https:\/\/gastronova.eu\/hu\/wp-json\/wp\/v2\/product_cat?post=35406"},{"taxonomy":"product_tag","embeddable":true,"href":"https:\/\/gastronova.eu\/hu\/wp-json\/wp\/v2\/product_tag?post=35406"}],"curies":[{"name":"wp","href":"https:\/\/api.w.org\/{rel}","templated":true}]}}