{"id":35419,"date":"2025-05-21T13:54:51","date_gmt":"2025-05-21T11:54:51","guid":{"rendered":"https:\/\/gastronova.eu\/produkt\/pizzapult-hutoszekrennyel\/"},"modified":"2025-05-21T13:54:51","modified_gmt":"2025-05-21T11:54:51","slug":"pizzapult-hutoszekrennyel","status":"publish","type":"product","link":"https:\/\/gastronova.eu\/hu\/produkt\/pizzapult-hutoszekrennyel\/","title":{"rendered":"Pizzapult h\u0171t\u0151szekr\u00e9nnyel"},"content":{"rendered":"<p>M\u00e9ret: 1200 \/ 1500 \/ 1800 \/ 2000 x 600 x 800 mm<\/p>\n<p>Tartom\u00e1ny: 0-10\u00b0C<\/p>\n<p>GN tart\u00e1lyok: 6 x 1\/3 | 7 x 1\/4 | 9 x 1\/4 | 10 x 1\/4<\/p>\n","protected":false},"excerpt":{"rendered":"<p>M\u00e9ret: 1200 \/ 1500 \/ 1800 \/ 2000 x 600 x 800 mm Tartom\u00e1ny: 0-10\u00b0C GN tart\u00e1lyok: 6 x 1\/3<\/p>\n","protected":false},"featured_media":28938,"comment_status":"open","ping_status":"closed","template":"","meta":[],"product_brand":[],"product_cat":[467],"product_tag":[],"class_list":{"0":"post-35419","1":"product","2":"type-product","3":"status-publish","4":"has-post-thumbnail","6":"product_cat-hutoszekrenyek-fagyasztok","8":"first","9":"instock","10":"sold-individually","11":"shipping-taxable","12":"purchasable","13":"product-type-simple"},"_links":{"self":[{"href":"https:\/\/gastronova.eu\/hu\/wp-json\/wp\/v2\/product\/35419","targetHints":{"allow":["GET"]}}],"collection":[{"href":"https:\/\/gastronova.eu\/hu\/wp-json\/wp\/v2\/product"}],"about":[{"href":"https:\/\/gastronova.eu\/hu\/wp-json\/wp\/v2\/types\/product"}],"replies":[{"embeddable":true,"href":"https:\/\/gastronova.eu\/hu\/wp-json\/wp\/v2\/comments?post=35419"}],"version-history":[{"count":0,"href":"https:\/\/gastronova.eu\/hu\/wp-json\/wp\/v2\/product\/35419\/revisions"}],"wp:featuredmedia":[{"embeddable":true,"href":"https:\/\/gastronova.eu\/hu\/wp-json\/wp\/v2\/media\/28938"}],"wp:attachment":[{"href":"https:\/\/gastronova.eu\/hu\/wp-json\/wp\/v2\/media?parent=35419"}],"wp:term":[{"taxonomy":"product_brand","embeddable":true,"href":"https:\/\/gastronova.eu\/hu\/wp-json\/wp\/v2\/product_brand?post=35419"},{"taxonomy":"product_cat","embeddable":true,"href":"https:\/\/gastronova.eu\/hu\/wp-json\/wp\/v2\/product_cat?post=35419"},{"taxonomy":"product_tag","embeddable":true,"href":"https:\/\/gastronova.eu\/hu\/wp-json\/wp\/v2\/product_tag?post=35419"}],"curies":[{"name":"wp","href":"https:\/\/api.w.org\/{rel}","templated":true}]}}