{"id":35446,"date":"2025-05-21T14:19:34","date_gmt":"2025-05-21T12:19:34","guid":{"rendered":"https:\/\/gastronova.eu\/produkt\/italhuto-3-ajtos\/"},"modified":"2025-05-21T14:19:34","modified_gmt":"2025-05-21T12:19:34","slug":"italhuto-3-ajtos","status":"publish","type":"product","link":"https:\/\/gastronova.eu\/hu\/produkt\/italhuto-3-ajtos\/","title":{"rendered":"Italh\u0171t\u0151 &#8211; 3 ajt\u00f3s"},"content":{"rendered":"<p>M\u00e9ret: 1800 x 715 x 1,895 mm<\/p>\n<p>Tartom\u00e1ny: 2 \u00e9s +10\u00b0C k\u00f6z\u00f6tt<\/p>\n<p>Kapacit\u00e1s: 1330 L<\/p>\n<p>Teljes\u00edtm\u00e9ny: 0,48 kW<\/p>\n","protected":false},"excerpt":{"rendered":"<p>M\u00e9ret: 1800 x 715 x 1,895 mm Tartom\u00e1ny: 2 \u00e9s +10\u00b0C k\u00f6z\u00f6tt Kapacit\u00e1s: 1330 L Teljes\u00edtm\u00e9ny: 0,48 kW<\/p>\n","protected":false},"featured_media":28959,"comment_status":"open","ping_status":"closed","template":"","meta":[],"product_brand":[],"product_cat":[467],"product_tag":[],"class_list":{"0":"post-35446","1":"product","2":"type-product","3":"status-publish","4":"has-post-thumbnail","6":"product_cat-hutoszekrenyek-fagyasztok","8":"first","9":"instock","10":"sold-individually","11":"shipping-taxable","12":"purchasable","13":"product-type-simple"},"_links":{"self":[{"href":"https:\/\/gastronova.eu\/hu\/wp-json\/wp\/v2\/product\/35446","targetHints":{"allow":["GET"]}}],"collection":[{"href":"https:\/\/gastronova.eu\/hu\/wp-json\/wp\/v2\/product"}],"about":[{"href":"https:\/\/gastronova.eu\/hu\/wp-json\/wp\/v2\/types\/product"}],"replies":[{"embeddable":true,"href":"https:\/\/gastronova.eu\/hu\/wp-json\/wp\/v2\/comments?post=35446"}],"version-history":[{"count":0,"href":"https:\/\/gastronova.eu\/hu\/wp-json\/wp\/v2\/product\/35446\/revisions"}],"wp:featuredmedia":[{"embeddable":true,"href":"https:\/\/gastronova.eu\/hu\/wp-json\/wp\/v2\/media\/28959"}],"wp:attachment":[{"href":"https:\/\/gastronova.eu\/hu\/wp-json\/wp\/v2\/media?parent=35446"}],"wp:term":[{"taxonomy":"product_brand","embeddable":true,"href":"https:\/\/gastronova.eu\/hu\/wp-json\/wp\/v2\/product_brand?post=35446"},{"taxonomy":"product_cat","embeddable":true,"href":"https:\/\/gastronova.eu\/hu\/wp-json\/wp\/v2\/product_cat?post=35446"},{"taxonomy":"product_tag","embeddable":true,"href":"https:\/\/gastronova.eu\/hu\/wp-json\/wp\/v2\/product_tag?post=35446"}],"curies":[{"name":"wp","href":"https:\/\/api.w.org\/{rel}","templated":true}]}}