{"id":35459,"date":"2025-05-21T14:37:03","date_gmt":"2025-05-21T12:37:03","guid":{"rendered":"https:\/\/gastronova.eu\/produkt\/barhutoszekreny-500\/"},"modified":"2025-05-21T14:37:03","modified_gmt":"2025-05-21T12:37:03","slug":"barhutoszekreny-500","status":"publish","type":"product","link":"https:\/\/gastronova.eu\/hu\/produkt\/barhutoszekreny-500\/","title":{"rendered":"B\u00e1rh\u0171t\u0151szekr\u00e9ny 500"},"content":{"rendered":"<p>M\u00e9ret: 500x 550 x 860 mm<\/p>\n<p>Tartom\u00e1ny: 0-10\u00b0C<\/p>\n<p>Kapacit\u00e1s: 185 L<\/p>\n<p>Teljes\u00edtm\u00e9ny: 0,185 kW<\/p>\n<p>H\u0171t\u00e9s: l\u00e9gszell\u0151ztet\u00e9ses<\/p>\n","protected":false},"excerpt":{"rendered":"<p>M\u00e9ret: 500x 550 x 860 mm Tartom\u00e1ny: 0-10\u00b0C Kapacit\u00e1s: 185 L Teljes\u00edtm\u00e9ny: 0,185 kW H\u0171t\u00e9s: l\u00e9gszell\u0151ztet\u00e9ses<\/p>\n","protected":false},"featured_media":28971,"comment_status":"open","ping_status":"closed","template":"","meta":[],"product_brand":[],"product_cat":[467],"product_tag":[],"class_list":{"0":"post-35459","1":"product","2":"type-product","3":"status-publish","4":"has-post-thumbnail","6":"product_cat-hutoszekrenyek-fagyasztok","8":"first","9":"instock","10":"sold-individually","11":"shipping-taxable","12":"purchasable","13":"product-type-simple"},"_links":{"self":[{"href":"https:\/\/gastronova.eu\/hu\/wp-json\/wp\/v2\/product\/35459","targetHints":{"allow":["GET"]}}],"collection":[{"href":"https:\/\/gastronova.eu\/hu\/wp-json\/wp\/v2\/product"}],"about":[{"href":"https:\/\/gastronova.eu\/hu\/wp-json\/wp\/v2\/types\/product"}],"replies":[{"embeddable":true,"href":"https:\/\/gastronova.eu\/hu\/wp-json\/wp\/v2\/comments?post=35459"}],"version-history":[{"count":0,"href":"https:\/\/gastronova.eu\/hu\/wp-json\/wp\/v2\/product\/35459\/revisions"}],"wp:featuredmedia":[{"embeddable":true,"href":"https:\/\/gastronova.eu\/hu\/wp-json\/wp\/v2\/media\/28971"}],"wp:attachment":[{"href":"https:\/\/gastronova.eu\/hu\/wp-json\/wp\/v2\/media?parent=35459"}],"wp:term":[{"taxonomy":"product_brand","embeddable":true,"href":"https:\/\/gastronova.eu\/hu\/wp-json\/wp\/v2\/product_brand?post=35459"},{"taxonomy":"product_cat","embeddable":true,"href":"https:\/\/gastronova.eu\/hu\/wp-json\/wp\/v2\/product_cat?post=35459"},{"taxonomy":"product_tag","embeddable":true,"href":"https:\/\/gastronova.eu\/hu\/wp-json\/wp\/v2\/product_tag?post=35459"}],"curies":[{"name":"wp","href":"https:\/\/api.w.org\/{rel}","templated":true}]}}