{"id":35470,"date":"2025-05-22T09:31:20","date_gmt":"2025-05-22T07:31:20","guid":{"rendered":"https:\/\/gastronova.eu\/produkt\/2-ajtos-hutoszekreny-a-st\/"},"modified":"2025-05-22T09:31:20","modified_gmt":"2025-05-22T07:31:20","slug":"2-ajtos-hutoszekreny-a-st","status":"publish","type":"product","link":"https:\/\/gastronova.eu\/hu\/produkt\/2-ajtos-hutoszekreny-a-st\/","title":{"rendered":"2 ajt\u00f3s h\u0171t\u0151szekr\u00e9ny a st."},"content":{"rendered":"<p>M\u00e9ret: 600 x 750 x 1950 mm<\/p>\n<p>Teljes\u00edtm\u00e9ny: 0,3 kW<\/p>\n<p>Hat\u00f3t\u00e1vols\u00e1g: 0-5\u00b0C<\/p>\n<p>Kapacit\u00e1s: 423 L<\/p>\n<p>\u00c1lland\u00f3 h\u0151m\u00e9rs\u00e9klet fenntart\u00e1sa.<\/p>\n","protected":false},"excerpt":{"rendered":"<p>M\u00e9ret: 600 x 750 x 1950 mm Teljes\u00edtm\u00e9ny: 0,3 kW Hat\u00f3t\u00e1vols\u00e1g: 0-5\u00b0C Kapacit\u00e1s: 423 L \u00c1lland\u00f3 h\u0151m\u00e9rs\u00e9klet fenntart\u00e1sa.<\/p>\n","protected":false},"featured_media":29109,"comment_status":"open","ping_status":"closed","template":"","meta":[],"product_brand":[],"product_cat":[474],"product_tag":[],"class_list":{"0":"post-35470","1":"product","2":"type-product","3":"status-publish","4":"has-post-thumbnail","6":"product_cat-szelloztetett-hutoszekrenyek","8":"first","9":"instock","10":"sold-individually","11":"shipping-taxable","12":"purchasable","13":"product-type-simple"},"_links":{"self":[{"href":"https:\/\/gastronova.eu\/hu\/wp-json\/wp\/v2\/product\/35470","targetHints":{"allow":["GET"]}}],"collection":[{"href":"https:\/\/gastronova.eu\/hu\/wp-json\/wp\/v2\/product"}],"about":[{"href":"https:\/\/gastronova.eu\/hu\/wp-json\/wp\/v2\/types\/product"}],"replies":[{"embeddable":true,"href":"https:\/\/gastronova.eu\/hu\/wp-json\/wp\/v2\/comments?post=35470"}],"version-history":[{"count":0,"href":"https:\/\/gastronova.eu\/hu\/wp-json\/wp\/v2\/product\/35470\/revisions"}],"wp:featuredmedia":[{"embeddable":true,"href":"https:\/\/gastronova.eu\/hu\/wp-json\/wp\/v2\/media\/29109"}],"wp:attachment":[{"href":"https:\/\/gastronova.eu\/hu\/wp-json\/wp\/v2\/media?parent=35470"}],"wp:term":[{"taxonomy":"product_brand","embeddable":true,"href":"https:\/\/gastronova.eu\/hu\/wp-json\/wp\/v2\/product_brand?post=35470"},{"taxonomy":"product_cat","embeddable":true,"href":"https:\/\/gastronova.eu\/hu\/wp-json\/wp\/v2\/product_cat?post=35470"},{"taxonomy":"product_tag","embeddable":true,"href":"https:\/\/gastronova.eu\/hu\/wp-json\/wp\/v2\/product_tag?post=35470"}],"curies":[{"name":"wp","href":"https:\/\/api.w.org\/{rel}","templated":true}]}}