{"id":35512,"date":"2025-05-22T10:25:39","date_gmt":"2025-05-22T08:25:39","guid":{"rendered":"https:\/\/gastronova.eu\/produkt\/asztali-fagylaltkeszito-gep\/"},"modified":"2025-05-22T10:25:39","modified_gmt":"2025-05-22T08:25:39","slug":"asztali-fagylaltkeszito-gep","status":"publish","type":"product","link":"https:\/\/gastronova.eu\/hu\/produkt\/asztali-fagylaltkeszito-gep\/","title":{"rendered":"Asztali fagylaltk\u00e9sz\u00edt\u0151 g\u00e9p"},"content":{"rendered":"<p>M\u00e9ret: 500 x 550 x 750 mm<\/p>\n<p>Kapacit\u00e1s: 12 &#8211; 16 L\/h<\/p>\n<p>Teljes\u00edtm\u00e9ny:1,3 kW<\/p>\n","protected":false},"excerpt":{"rendered":"<p>M\u00e9ret: 500 x 550 x 750 mm Kapacit\u00e1s: 12 &#8211; 16 L\/h Teljes\u00edtm\u00e9ny:1,3 kW<\/p>\n","protected":false},"featured_media":29167,"comment_status":"open","ping_status":"closed","template":"","meta":[],"product_brand":[],"product_cat":[475],"product_tag":[],"class_list":{"0":"post-35512","1":"product","2":"type-product","3":"status-publish","4":"has-post-thumbnail","6":"product_cat-fagylaltkeszitok-jegkeszitok","8":"first","9":"instock","10":"sold-individually","11":"shipping-taxable","12":"purchasable","13":"product-type-simple"},"_links":{"self":[{"href":"https:\/\/gastronova.eu\/hu\/wp-json\/wp\/v2\/product\/35512","targetHints":{"allow":["GET"]}}],"collection":[{"href":"https:\/\/gastronova.eu\/hu\/wp-json\/wp\/v2\/product"}],"about":[{"href":"https:\/\/gastronova.eu\/hu\/wp-json\/wp\/v2\/types\/product"}],"replies":[{"embeddable":true,"href":"https:\/\/gastronova.eu\/hu\/wp-json\/wp\/v2\/comments?post=35512"}],"version-history":[{"count":0,"href":"https:\/\/gastronova.eu\/hu\/wp-json\/wp\/v2\/product\/35512\/revisions"}],"wp:featuredmedia":[{"embeddable":true,"href":"https:\/\/gastronova.eu\/hu\/wp-json\/wp\/v2\/media\/29167"}],"wp:attachment":[{"href":"https:\/\/gastronova.eu\/hu\/wp-json\/wp\/v2\/media?parent=35512"}],"wp:term":[{"taxonomy":"product_brand","embeddable":true,"href":"https:\/\/gastronova.eu\/hu\/wp-json\/wp\/v2\/product_brand?post=35512"},{"taxonomy":"product_cat","embeddable":true,"href":"https:\/\/gastronova.eu\/hu\/wp-json\/wp\/v2\/product_cat?post=35512"},{"taxonomy":"product_tag","embeddable":true,"href":"https:\/\/gastronova.eu\/hu\/wp-json\/wp\/v2\/product_tag?post=35512"}],"curies":[{"name":"wp","href":"https:\/\/api.w.org\/{rel}","templated":true}]}}