{"id":35524,"date":"2025-05-22T10:47:15","date_gmt":"2025-05-22T08:47:15","guid":{"rendered":"https:\/\/gastronova.eu\/produkt\/hengerelt-fagylaltgep\/"},"modified":"2025-05-22T10:47:15","modified_gmt":"2025-05-22T08:47:15","slug":"hengerelt-fagylaltgep","status":"publish","type":"product","link":"https:\/\/gastronova.eu\/hu\/produkt\/hengerelt-fagylaltgep\/","title":{"rendered":"Hengerelt fagylaltg\u00e9p"},"content":{"rendered":"<p>M\u00e9ret: 600 x 600 x 1260 mm<\/p>\n<p>Tartom\u00e1ny: -28 \u00e9s &#8211; <em>10\u00b0C<\/em> k\u00f6z\u00f6tt<\/p>\n<p>Teljes\u00edtm\u00e9ny:1,3 kW<\/p>\n","protected":false},"excerpt":{"rendered":"<p>M\u00e9ret: 600 x 600 x 1260 mm Tartom\u00e1ny: -28 \u00e9s &#8211; 10\u00b0C k\u00f6z\u00f6tt Teljes\u00edtm\u00e9ny:1,3 kW<\/p>\n","protected":false},"featured_media":29178,"comment_status":"open","ping_status":"closed","template":"","meta":[],"product_brand":[],"product_cat":[475],"product_tag":[],"class_list":{"0":"post-35524","1":"product","2":"type-product","3":"status-publish","4":"has-post-thumbnail","6":"product_cat-fagylaltkeszitok-jegkeszitok","8":"first","9":"instock","10":"sold-individually","11":"shipping-taxable","12":"purchasable","13":"product-type-simple"},"_links":{"self":[{"href":"https:\/\/gastronova.eu\/hu\/wp-json\/wp\/v2\/product\/35524","targetHints":{"allow":["GET"]}}],"collection":[{"href":"https:\/\/gastronova.eu\/hu\/wp-json\/wp\/v2\/product"}],"about":[{"href":"https:\/\/gastronova.eu\/hu\/wp-json\/wp\/v2\/types\/product"}],"replies":[{"embeddable":true,"href":"https:\/\/gastronova.eu\/hu\/wp-json\/wp\/v2\/comments?post=35524"}],"version-history":[{"count":0,"href":"https:\/\/gastronova.eu\/hu\/wp-json\/wp\/v2\/product\/35524\/revisions"}],"wp:featuredmedia":[{"embeddable":true,"href":"https:\/\/gastronova.eu\/hu\/wp-json\/wp\/v2\/media\/29178"}],"wp:attachment":[{"href":"https:\/\/gastronova.eu\/hu\/wp-json\/wp\/v2\/media?parent=35524"}],"wp:term":[{"taxonomy":"product_brand","embeddable":true,"href":"https:\/\/gastronova.eu\/hu\/wp-json\/wp\/v2\/product_brand?post=35524"},{"taxonomy":"product_cat","embeddable":true,"href":"https:\/\/gastronova.eu\/hu\/wp-json\/wp\/v2\/product_cat?post=35524"},{"taxonomy":"product_tag","embeddable":true,"href":"https:\/\/gastronova.eu\/hu\/wp-json\/wp\/v2\/product_tag?post=35524"}],"curies":[{"name":"wp","href":"https:\/\/api.w.org\/{rel}","templated":true}]}}