{"id":35531,"date":"2025-05-22T10:51:09","date_gmt":"2025-05-22T08:51:09","guid":{"rendered":"https:\/\/gastronova.eu\/produkt\/fagylalt-fagyaszto-2\/"},"modified":"2025-05-22T10:51:09","modified_gmt":"2025-05-22T08:51:09","slug":"fagylalt-fagyaszto-2","status":"publish","type":"product","link":"https:\/\/gastronova.eu\/hu\/produkt\/fagylalt-fagyaszto-2\/","title":{"rendered":"Fagylalt fagyaszt\u00f3 2"},"content":{"rendered":"<p>M\u00e9ret: 1035\/1200 x 705 x 970 mm<\/p>\n<p>Tartom\u00e1ny: -22 \u00e9s <em>-18\u00b0C<\/em> k\u00f6z\u00f6tt<\/p>\n<p>Kapacit\u00e1s: 10\/12 tart\u00e1ly.<\/p>\n","protected":false},"excerpt":{"rendered":"<p>M\u00e9ret: 1035\/1200 x 705 x 970 mm Tartom\u00e1ny: -22 \u00e9s -18\u00b0C k\u00f6z\u00f6tt Kapacit\u00e1s: 10\/12 tart\u00e1ly.<\/p>\n","protected":false},"featured_media":29182,"comment_status":"open","ping_status":"closed","template":"","meta":[],"product_brand":[],"product_cat":[475],"product_tag":[],"class_list":{"0":"post-35531","1":"product","2":"type-product","3":"status-publish","4":"has-post-thumbnail","6":"product_cat-fagylaltkeszitok-jegkeszitok","8":"first","9":"instock","10":"sold-individually","11":"shipping-taxable","12":"purchasable","13":"product-type-simple"},"_links":{"self":[{"href":"https:\/\/gastronova.eu\/hu\/wp-json\/wp\/v2\/product\/35531","targetHints":{"allow":["GET"]}}],"collection":[{"href":"https:\/\/gastronova.eu\/hu\/wp-json\/wp\/v2\/product"}],"about":[{"href":"https:\/\/gastronova.eu\/hu\/wp-json\/wp\/v2\/types\/product"}],"replies":[{"embeddable":true,"href":"https:\/\/gastronova.eu\/hu\/wp-json\/wp\/v2\/comments?post=35531"}],"version-history":[{"count":0,"href":"https:\/\/gastronova.eu\/hu\/wp-json\/wp\/v2\/product\/35531\/revisions"}],"wp:featuredmedia":[{"embeddable":true,"href":"https:\/\/gastronova.eu\/hu\/wp-json\/wp\/v2\/media\/29182"}],"wp:attachment":[{"href":"https:\/\/gastronova.eu\/hu\/wp-json\/wp\/v2\/media?parent=35531"}],"wp:term":[{"taxonomy":"product_brand","embeddable":true,"href":"https:\/\/gastronova.eu\/hu\/wp-json\/wp\/v2\/product_brand?post=35531"},{"taxonomy":"product_cat","embeddable":true,"href":"https:\/\/gastronova.eu\/hu\/wp-json\/wp\/v2\/product_cat?post=35531"},{"taxonomy":"product_tag","embeddable":true,"href":"https:\/\/gastronova.eu\/hu\/wp-json\/wp\/v2\/product_tag?post=35531"}],"curies":[{"name":"wp","href":"https:\/\/api.w.org\/{rel}","templated":true}]}}