{"id":35571,"date":"2025-05-22T12:26:57","date_gmt":"2025-05-22T10:26:57","guid":{"rendered":"https:\/\/gastronova.eu\/produkt\/tortaasztal-hutoszekreny-1200\/"},"modified":"2025-05-22T12:26:57","modified_gmt":"2025-05-22T10:26:57","slug":"tortaasztal-hutoszekreny-1200","status":"publish","type":"product","link":"https:\/\/gastronova.eu\/hu\/produkt\/tortaasztal-hutoszekreny-1200\/","title":{"rendered":"Tortaasztal h\u0171t\u0151szekr\u00e9ny 1200"},"content":{"rendered":"<p>M\u00e9ret: 1200 x 500 x 750 mm<\/p>\n<p>Teljes\u00edtm\u00e9ny: 0,280 kW<\/p>\n<p>T\u00e1vols\u00e1g: <em>2-8\u00b0C<\/em><\/p>\n<p>L\u00e9gh\u0171t\u00e9s harmat n\u00e9lk\u00fcl<\/p>\n<p>&nbsp;<\/p>\n","protected":false},"excerpt":{"rendered":"<p>M\u00e9ret: 1200 x 500 x 750 mm Teljes\u00edtm\u00e9ny: 0,280 kW T\u00e1vols\u00e1g: 2-8\u00b0C L\u00e9gh\u0171t\u00e9s harmat n\u00e9lk\u00fcl &nbsp;<\/p>\n","protected":false},"featured_media":29211,"comment_status":"open","ping_status":"closed","template":"","meta":[],"product_brand":[],"product_cat":[452],"product_tag":[],"class_list":{"0":"post-35571","1":"product","2":"type-product","3":"status-publish","4":"has-post-thumbnail","6":"product_cat-hutoszekrenyek-sutemenyekhez","8":"first","9":"instock","10":"sold-individually","11":"shipping-taxable","12":"purchasable","13":"product-type-simple"},"_links":{"self":[{"href":"https:\/\/gastronova.eu\/hu\/wp-json\/wp\/v2\/product\/35571","targetHints":{"allow":["GET"]}}],"collection":[{"href":"https:\/\/gastronova.eu\/hu\/wp-json\/wp\/v2\/product"}],"about":[{"href":"https:\/\/gastronova.eu\/hu\/wp-json\/wp\/v2\/types\/product"}],"replies":[{"embeddable":true,"href":"https:\/\/gastronova.eu\/hu\/wp-json\/wp\/v2\/comments?post=35571"}],"version-history":[{"count":0,"href":"https:\/\/gastronova.eu\/hu\/wp-json\/wp\/v2\/product\/35571\/revisions"}],"wp:featuredmedia":[{"embeddable":true,"href":"https:\/\/gastronova.eu\/hu\/wp-json\/wp\/v2\/media\/29211"}],"wp:attachment":[{"href":"https:\/\/gastronova.eu\/hu\/wp-json\/wp\/v2\/media?parent=35571"}],"wp:term":[{"taxonomy":"product_brand","embeddable":true,"href":"https:\/\/gastronova.eu\/hu\/wp-json\/wp\/v2\/product_brand?post=35571"},{"taxonomy":"product_cat","embeddable":true,"href":"https:\/\/gastronova.eu\/hu\/wp-json\/wp\/v2\/product_cat?post=35571"},{"taxonomy":"product_tag","embeddable":true,"href":"https:\/\/gastronova.eu\/hu\/wp-json\/wp\/v2\/product_tag?post=35571"}],"curies":[{"name":"wp","href":"https:\/\/api.w.org\/{rel}","templated":true}]}}