{"id":35592,"date":"2025-05-22T12:46:39","date_gmt":"2025-05-22T10:46:39","guid":{"rendered":"https:\/\/gastronova.eu\/produkt\/hr-torta-hutoszekreny-900\/"},"modified":"2025-07-01T13:02:54","modified_gmt":"2025-07-01T11:02:54","slug":"hr-fagyasztolada-900","status":"publish","type":"product","link":"https:\/\/gastronova.eu\/hu\/produkt\/hr-fagyasztolada-900\/","title":{"rendered":"HR. Fagyaszt\u00f3l\u00e1da 900"},"content":{"rendered":"<p>M\u00e9ret: 900 x 660 x 1200 mm<\/p>\n<p>Teljes\u00edtm\u00e9ny: 0,450 kW<\/p>\n<p>T\u00e1vols\u00e1g: <em>2-8\u00b0C<\/em><\/p>\n<p>L\u00e9gh\u0171t\u00e9s harmat n\u00e9lk\u00fcl<\/p>\n<p>&nbsp;<\/p>\n","protected":false},"excerpt":{"rendered":"<p>M\u00e9ret: 900 x 660 x 1200 mm Teljes\u00edtm\u00e9ny: 0,450 kW T\u00e1vols\u00e1g: 2-8\u00b0C L\u00e9gh\u0171t\u00e9s harmat n\u00e9lk\u00fcl &nbsp;<\/p>\n","protected":false},"featured_media":33238,"comment_status":"open","ping_status":"closed","template":"","meta":[],"product_brand":[],"product_cat":[452],"product_tag":[],"class_list":{"0":"post-35592","1":"product","2":"type-product","3":"status-publish","4":"has-post-thumbnail","6":"product_cat-hutoszekrenyek-sutemenyekhez","8":"first","9":"instock","10":"sold-individually","11":"shipping-taxable","12":"purchasable","13":"product-type-simple"},"_links":{"self":[{"href":"https:\/\/gastronova.eu\/hu\/wp-json\/wp\/v2\/product\/35592","targetHints":{"allow":["GET"]}}],"collection":[{"href":"https:\/\/gastronova.eu\/hu\/wp-json\/wp\/v2\/product"}],"about":[{"href":"https:\/\/gastronova.eu\/hu\/wp-json\/wp\/v2\/types\/product"}],"replies":[{"embeddable":true,"href":"https:\/\/gastronova.eu\/hu\/wp-json\/wp\/v2\/comments?post=35592"}],"version-history":[{"count":3,"href":"https:\/\/gastronova.eu\/hu\/wp-json\/wp\/v2\/product\/35592\/revisions"}],"predecessor-version":[{"id":36662,"href":"https:\/\/gastronova.eu\/hu\/wp-json\/wp\/v2\/product\/35592\/revisions\/36662"}],"wp:featuredmedia":[{"embeddable":true,"href":"https:\/\/gastronova.eu\/hu\/wp-json\/wp\/v2\/media\/33238"}],"wp:attachment":[{"href":"https:\/\/gastronova.eu\/hu\/wp-json\/wp\/v2\/media?parent=35592"}],"wp:term":[{"taxonomy":"product_brand","embeddable":true,"href":"https:\/\/gastronova.eu\/hu\/wp-json\/wp\/v2\/product_brand?post=35592"},{"taxonomy":"product_cat","embeddable":true,"href":"https:\/\/gastronova.eu\/hu\/wp-json\/wp\/v2\/product_cat?post=35592"},{"taxonomy":"product_tag","embeddable":true,"href":"https:\/\/gastronova.eu\/hu\/wp-json\/wp\/v2\/product_tag?post=35592"}],"curies":[{"name":"wp","href":"https:\/\/api.w.org\/{rel}","templated":true}]}}