{"id":35722,"date":"2025-05-16T17:05:56","date_gmt":"2025-05-16T15:05:56","guid":{"rendered":"https:\/\/gastronova.eu\/produkt\/ultra-2\/"},"modified":"2025-05-16T17:05:56","modified_gmt":"2025-05-16T15:05:56","slug":"ultra-2","status":"publish","type":"product","link":"https:\/\/gastronova.eu\/hu\/produkt\/ultra-2\/","title":{"rendered":"Ultra"},"content":{"rendered":"","protected":false},"excerpt":{"rendered":"<p><span style=\"font-weight: 400;\">Az Airstream Ultra a legnagyobb \u00e9s legrangosabb modell a k\u00edn\u00e1latunkban. Azoknak \u00e9p\u00fclt, akik mindent meg akarnak tenni &#8211; legyen sz\u00f3 ak\u00e1r az   <\/span><b>teljes \u00e9rt\u00e9k\u0171 \u00e9tterem, nagyszab\u00e1s\u00fa street food-\u00fczletek vagy pr\u00e9mium prom\u00f3ci\u00f3s projektek<\/b><span style=\"font-weight: 400;\">.<\/span><\/p>\n<p><span style=\"font-weight: 400;\">Az Airstream Ultra robusztus ac\u00e9lszerkezet\u00e9vel, 5 cm-es szigetel\u00e9s\u00e9vel \u00e9s \u00e9szrev\u00e9tlen diz\u00e1jnj\u00e1val a mobil gasztron\u00f3mia abszol\u00fat cs\u00facs\u00e1t k\u00e9pviseli. Hatalmas helyk\u00edn\u00e1lat\u00e1nak k\u00f6sz\u00f6nhet\u0151en ide\u00e1lis t\u00f6bbf\u0151s csapatok, v\u00e1ltozatos vend\u00e9gl\u00e1t\u00f3ipari felszerel\u00e9sek \u00e9s nagy napi forgalom sz\u00e1m\u00e1ra. <\/span><\/p>\n<p><span style=\"font-weight: 400;\">Ezt a modellt olyan ambici\u00f3zus v\u00e1llalkoz\u00f3k sz\u00e1m\u00e1ra tervezt\u00e9k, akik b\u00e1rmilyen rendezv\u00e9nyen, fesztiv\u00e1lon vagy rendszeres m\u0171k\u00f6d\u00e9s sor\u00e1n domin\u00e1lni akarnak.<\/span><\/p>\n","protected":false},"featured_media":33818,"comment_status":"open","ping_status":"closed","template":"","meta":[],"product_brand":[],"product_cat":[497,224],"product_tag":[],"class_list":{"0":"post-35722","1":"product","2":"type-product","3":"status-publish","4":"has-post-thumbnail","6":"product_cat-airstream-hu","7":"product_cat-food-truck-de","9":"first","10":"instock","11":"sold-individually","12":"shipping-taxable","13":"purchasable","14":"product-type-variable","15":"has-default-attributes"},"_links":{"self":[{"href":"https:\/\/gastronova.eu\/hu\/wp-json\/wp\/v2\/product\/35722","targetHints":{"allow":["GET"]}}],"collection":[{"href":"https:\/\/gastronova.eu\/hu\/wp-json\/wp\/v2\/product"}],"about":[{"href":"https:\/\/gastronova.eu\/hu\/wp-json\/wp\/v2\/types\/product"}],"replies":[{"embeddable":true,"href":"https:\/\/gastronova.eu\/hu\/wp-json\/wp\/v2\/comments?post=35722"}],"version-history":[{"count":0,"href":"https:\/\/gastronova.eu\/hu\/wp-json\/wp\/v2\/product\/35722\/revisions"}],"wp:featuredmedia":[{"embeddable":true,"href":"https:\/\/gastronova.eu\/hu\/wp-json\/wp\/v2\/media\/33818"}],"wp:attachment":[{"href":"https:\/\/gastronova.eu\/hu\/wp-json\/wp\/v2\/media?parent=35722"}],"wp:term":[{"taxonomy":"product_brand","embeddable":true,"href":"https:\/\/gastronova.eu\/hu\/wp-json\/wp\/v2\/product_brand?post=35722"},{"taxonomy":"product_cat","embeddable":true,"href":"https:\/\/gastronova.eu\/hu\/wp-json\/wp\/v2\/product_cat?post=35722"},{"taxonomy":"product_tag","embeddable":true,"href":"https:\/\/gastronova.eu\/hu\/wp-json\/wp\/v2\/product_tag?post=35722"}],"curies":[{"name":"wp","href":"https:\/\/api.w.org\/{rel}","templated":true}]}}