{"id":35787,"date":"2025-05-21T10:52:02","date_gmt":"2025-05-21T08:52:02","guid":{"rendered":"https:\/\/gastronova.eu\/produkt\/kerek-mosdokagylo\/"},"modified":"2025-05-21T10:52:02","modified_gmt":"2025-05-21T08:52:02","slug":"kerek-mosdokagylo","status":"publish","type":"product","link":"https:\/\/gastronova.eu\/hu\/produkt\/kerek-mosdokagylo\/","title":{"rendered":"Kerek mosd\u00f3kagyl\u00f3"},"content":{"rendered":"<p>M\u00e9ret: 360 x 360 x 180 mm<\/p>\n<p>Anyag: rozsdamentes ac\u00e9l 304<\/p>\n","protected":false},"excerpt":{"rendered":"<p>M\u00e9ret: 360 x 360 x 180 mm Anyag: rozsdamentes ac\u00e9l 304<\/p>\n","protected":false},"featured_media":28772,"comment_status":"open","ping_status":"closed","template":"","meta":[],"product_brand":[],"product_cat":[261,551],"product_tag":[],"class_list":{"0":"post-35787","1":"product","2":"type-product","3":"status-publish","4":"has-post-thumbnail","6":"product_cat-tartozekok-potkocsikhoz","7":"product_cat-mosdokagylok","9":"first","10":"instock","11":"sold-individually","12":"shipping-taxable","13":"purchasable","14":"product-type-simple"},"_links":{"self":[{"href":"https:\/\/gastronova.eu\/hu\/wp-json\/wp\/v2\/product\/35787","targetHints":{"allow":["GET"]}}],"collection":[{"href":"https:\/\/gastronova.eu\/hu\/wp-json\/wp\/v2\/product"}],"about":[{"href":"https:\/\/gastronova.eu\/hu\/wp-json\/wp\/v2\/types\/product"}],"replies":[{"embeddable":true,"href":"https:\/\/gastronova.eu\/hu\/wp-json\/wp\/v2\/comments?post=35787"}],"version-history":[{"count":0,"href":"https:\/\/gastronova.eu\/hu\/wp-json\/wp\/v2\/product\/35787\/revisions"}],"wp:featuredmedia":[{"embeddable":true,"href":"https:\/\/gastronova.eu\/hu\/wp-json\/wp\/v2\/media\/28772"}],"wp:attachment":[{"href":"https:\/\/gastronova.eu\/hu\/wp-json\/wp\/v2\/media?parent=35787"}],"wp:term":[{"taxonomy":"product_brand","embeddable":true,"href":"https:\/\/gastronova.eu\/hu\/wp-json\/wp\/v2\/product_brand?post=35787"},{"taxonomy":"product_cat","embeddable":true,"href":"https:\/\/gastronova.eu\/hu\/wp-json\/wp\/v2\/product_cat?post=35787"},{"taxonomy":"product_tag","embeddable":true,"href":"https:\/\/gastronova.eu\/hu\/wp-json\/wp\/v2\/product_tag?post=35787"}],"curies":[{"name":"wp","href":"https:\/\/api.w.org\/{rel}","templated":true}]}}