{"id":35814,"date":"2025-05-21T11:14:31","date_gmt":"2025-05-21T09:14:31","guid":{"rendered":"https:\/\/gastronova.eu\/produkt\/retro-kerektarcsa-burkolatok\/"},"modified":"2025-05-21T11:14:31","modified_gmt":"2025-05-21T09:14:31","slug":"retro-kerektarcsa-burkolatok","status":"publish","type":"product","link":"https:\/\/gastronova.eu\/hu\/produkt\/retro-kerektarcsa-burkolatok\/","title":{"rendered":"Retro ker\u00e9kt\u00e1rcsa burkolatok"},"content":{"rendered":"<p>M\u00e9ret: 14&#8242; kerekekhez<\/p>\n","protected":false},"excerpt":{"rendered":"<p>M\u00e9ret: 14&#8242; kerekekhez<\/p>\n","protected":false},"featured_media":28832,"comment_status":"open","ping_status":"closed","template":"","meta":[],"product_brand":[],"product_cat":[261,262],"product_tag":[],"class_list":{"0":"post-35814","1":"product","2":"type-product","3":"status-publish","4":"has-post-thumbnail","6":"product_cat-tartozekok-potkocsikhoz","7":"product_cat-extra-felszereles","9":"first","10":"instock","11":"sold-individually","12":"shipping-taxable","13":"purchasable","14":"product-type-simple"},"_links":{"self":[{"href":"https:\/\/gastronova.eu\/hu\/wp-json\/wp\/v2\/product\/35814","targetHints":{"allow":["GET"]}}],"collection":[{"href":"https:\/\/gastronova.eu\/hu\/wp-json\/wp\/v2\/product"}],"about":[{"href":"https:\/\/gastronova.eu\/hu\/wp-json\/wp\/v2\/types\/product"}],"replies":[{"embeddable":true,"href":"https:\/\/gastronova.eu\/hu\/wp-json\/wp\/v2\/comments?post=35814"}],"version-history":[{"count":0,"href":"https:\/\/gastronova.eu\/hu\/wp-json\/wp\/v2\/product\/35814\/revisions"}],"wp:featuredmedia":[{"embeddable":true,"href":"https:\/\/gastronova.eu\/hu\/wp-json\/wp\/v2\/media\/28832"}],"wp:attachment":[{"href":"https:\/\/gastronova.eu\/hu\/wp-json\/wp\/v2\/media?parent=35814"}],"wp:term":[{"taxonomy":"product_brand","embeddable":true,"href":"https:\/\/gastronova.eu\/hu\/wp-json\/wp\/v2\/product_brand?post=35814"},{"taxonomy":"product_cat","embeddable":true,"href":"https:\/\/gastronova.eu\/hu\/wp-json\/wp\/v2\/product_cat?post=35814"},{"taxonomy":"product_tag","embeddable":true,"href":"https:\/\/gastronova.eu\/hu\/wp-json\/wp\/v2\/product_tag?post=35814"}],"curies":[{"name":"wp","href":"https:\/\/api.w.org\/{rel}","templated":true}]}}