{"id":35820,"date":"2025-05-21T11:24:53","date_gmt":"2025-05-21T09:24:53","guid":{"rendered":"https:\/\/gastronova.eu\/produkt\/adagolo-ablak-megvilagitasa\/"},"modified":"2025-05-21T11:24:53","modified_gmt":"2025-05-21T09:24:53","slug":"adagolo-ablak-megvilagitasa","status":"publish","type":"product","link":"https:\/\/gastronova.eu\/hu\/produkt\/adagolo-ablak-megvilagitasa\/","title":{"rendered":"Adagol\u00f3 ablak megvil\u00e1g\u00edt\u00e1sa"},"content":{"rendered":"<p>A f\u00e9ny sz\u00edne: RGB<\/p>\n","protected":false},"excerpt":{"rendered":"<p>A f\u00e9ny sz\u00edne: RGB<\/p>\n","protected":false},"featured_media":28843,"comment_status":"open","ping_status":"closed","template":"","meta":[],"product_brand":[],"product_cat":[261,558],"product_tag":[],"class_list":{"0":"post-35820","1":"product","2":"type-product","3":"status-publish","4":"has-post-thumbnail","6":"product_cat-tartozekok-potkocsikhoz","7":"product_cat-lampak-es-vilagitas","9":"first","10":"instock","11":"sold-individually","12":"shipping-taxable","13":"purchasable","14":"product-type-simple"},"_links":{"self":[{"href":"https:\/\/gastronova.eu\/hu\/wp-json\/wp\/v2\/product\/35820","targetHints":{"allow":["GET"]}}],"collection":[{"href":"https:\/\/gastronova.eu\/hu\/wp-json\/wp\/v2\/product"}],"about":[{"href":"https:\/\/gastronova.eu\/hu\/wp-json\/wp\/v2\/types\/product"}],"replies":[{"embeddable":true,"href":"https:\/\/gastronova.eu\/hu\/wp-json\/wp\/v2\/comments?post=35820"}],"version-history":[{"count":0,"href":"https:\/\/gastronova.eu\/hu\/wp-json\/wp\/v2\/product\/35820\/revisions"}],"wp:featuredmedia":[{"embeddable":true,"href":"https:\/\/gastronova.eu\/hu\/wp-json\/wp\/v2\/media\/28843"}],"wp:attachment":[{"href":"https:\/\/gastronova.eu\/hu\/wp-json\/wp\/v2\/media?parent=35820"}],"wp:term":[{"taxonomy":"product_brand","embeddable":true,"href":"https:\/\/gastronova.eu\/hu\/wp-json\/wp\/v2\/product_brand?post=35820"},{"taxonomy":"product_cat","embeddable":true,"href":"https:\/\/gastronova.eu\/hu\/wp-json\/wp\/v2\/product_cat?post=35820"},{"taxonomy":"product_tag","embeddable":true,"href":"https:\/\/gastronova.eu\/hu\/wp-json\/wp\/v2\/product_tag?post=35820"}],"curies":[{"name":"wp","href":"https:\/\/api.w.org\/{rel}","templated":true}]}}