{"id":35821,"date":"2025-05-21T11:19:33","date_gmt":"2025-05-21T09:19:33","guid":{"rendered":"https:\/\/gastronova.eu\/produkt\/kulteri-led-vilagitas\/"},"modified":"2025-05-21T11:19:33","modified_gmt":"2025-05-21T09:19:33","slug":"kulteri-led-vilagitas","status":"publish","type":"product","link":"https:\/\/gastronova.eu\/hu\/produkt\/kulteri-led-vilagitas\/","title":{"rendered":"K\u00fclt\u00e9ri LED vil\u00e1g\u00edt\u00e1s"},"content":{"rendered":"<p>M\u00e9ret: 230-1,180 cm<\/p>\n<p>A f\u00e9ny sz\u00edne: Meleg feh\u00e9r, hideg feh\u00e9r, RGB<\/p>\n","protected":false},"excerpt":{"rendered":"<p>M\u00e9ret: 230-1,180 cm A f\u00e9ny sz\u00edne: Meleg feh\u00e9r, hideg feh\u00e9r, RGB<\/p>\n","protected":false},"featured_media":28839,"comment_status":"open","ping_status":"closed","template":"","meta":[],"product_brand":[],"product_cat":[261,558],"product_tag":[],"class_list":{"0":"post-35821","1":"product","2":"type-product","3":"status-publish","4":"has-post-thumbnail","6":"product_cat-tartozekok-potkocsikhoz","7":"product_cat-lampak-es-vilagitas","9":"first","10":"instock","11":"sold-individually","12":"shipping-taxable","13":"purchasable","14":"product-type-simple"},"_links":{"self":[{"href":"https:\/\/gastronova.eu\/hu\/wp-json\/wp\/v2\/product\/35821","targetHints":{"allow":["GET"]}}],"collection":[{"href":"https:\/\/gastronova.eu\/hu\/wp-json\/wp\/v2\/product"}],"about":[{"href":"https:\/\/gastronova.eu\/hu\/wp-json\/wp\/v2\/types\/product"}],"replies":[{"embeddable":true,"href":"https:\/\/gastronova.eu\/hu\/wp-json\/wp\/v2\/comments?post=35821"}],"version-history":[{"count":0,"href":"https:\/\/gastronova.eu\/hu\/wp-json\/wp\/v2\/product\/35821\/revisions"}],"wp:featuredmedia":[{"embeddable":true,"href":"https:\/\/gastronova.eu\/hu\/wp-json\/wp\/v2\/media\/28839"}],"wp:attachment":[{"href":"https:\/\/gastronova.eu\/hu\/wp-json\/wp\/v2\/media?parent=35821"}],"wp:term":[{"taxonomy":"product_brand","embeddable":true,"href":"https:\/\/gastronova.eu\/hu\/wp-json\/wp\/v2\/product_brand?post=35821"},{"taxonomy":"product_cat","embeddable":true,"href":"https:\/\/gastronova.eu\/hu\/wp-json\/wp\/v2\/product_cat?post=35821"},{"taxonomy":"product_tag","embeddable":true,"href":"https:\/\/gastronova.eu\/hu\/wp-json\/wp\/v2\/product_tag?post=35821"}],"curies":[{"name":"wp","href":"https:\/\/api.w.org\/{rel}","templated":true}]}}