{"id":35827,"date":"2025-05-21T11:31:32","date_gmt":"2025-05-21T09:31:32","guid":{"rendered":"https:\/\/gastronova.eu\/produkt\/felfuggesztett-lampatestek\/"},"modified":"2025-05-21T11:31:32","modified_gmt":"2025-05-21T09:31:32","slug":"felfuggesztett-lampatestek","status":"publish","type":"product","link":"https:\/\/gastronova.eu\/hu\/produkt\/felfuggesztett-lampatestek\/","title":{"rendered":"Felf\u00fcggesztett l\u00e1mpatestek"},"content":{"rendered":"<p>A l\u00e1mpatestek sz\u00e1ma: 3 db<\/p>\n<p>Kialak\u00edt\u00e1s f\u0171t\u00e9s n\u00e9lk\u00fcl.<\/p>\n","protected":false},"excerpt":{"rendered":"<p>A l\u00e1mpatestek sz\u00e1ma: 3 db Kialak\u00edt\u00e1s f\u0171t\u00e9s n\u00e9lk\u00fcl.<\/p>\n","protected":false},"featured_media":30382,"comment_status":"open","ping_status":"closed","template":"","meta":[],"product_brand":[],"product_cat":[261,558],"product_tag":[],"class_list":{"0":"post-35827","1":"product","2":"type-product","3":"status-publish","4":"has-post-thumbnail","6":"product_cat-tartozekok-potkocsikhoz","7":"product_cat-lampak-es-vilagitas","9":"first","10":"instock","11":"sold-individually","12":"shipping-taxable","13":"purchasable","14":"product-type-simple"},"_links":{"self":[{"href":"https:\/\/gastronova.eu\/hu\/wp-json\/wp\/v2\/product\/35827","targetHints":{"allow":["GET"]}}],"collection":[{"href":"https:\/\/gastronova.eu\/hu\/wp-json\/wp\/v2\/product"}],"about":[{"href":"https:\/\/gastronova.eu\/hu\/wp-json\/wp\/v2\/types\/product"}],"replies":[{"embeddable":true,"href":"https:\/\/gastronova.eu\/hu\/wp-json\/wp\/v2\/comments?post=35827"}],"version-history":[{"count":0,"href":"https:\/\/gastronova.eu\/hu\/wp-json\/wp\/v2\/product\/35827\/revisions"}],"wp:featuredmedia":[{"embeddable":true,"href":"https:\/\/gastronova.eu\/hu\/wp-json\/wp\/v2\/media\/30382"}],"wp:attachment":[{"href":"https:\/\/gastronova.eu\/hu\/wp-json\/wp\/v2\/media?parent=35827"}],"wp:term":[{"taxonomy":"product_brand","embeddable":true,"href":"https:\/\/gastronova.eu\/hu\/wp-json\/wp\/v2\/product_brand?post=35827"},{"taxonomy":"product_cat","embeddable":true,"href":"https:\/\/gastronova.eu\/hu\/wp-json\/wp\/v2\/product_cat?post=35827"},{"taxonomy":"product_tag","embeddable":true,"href":"https:\/\/gastronova.eu\/hu\/wp-json\/wp\/v2\/product_tag?post=35827"}],"curies":[{"name":"wp","href":"https:\/\/api.w.org\/{rel}","templated":true}]}}