{"id":35845,"date":"2025-05-21T11:58:10","date_gmt":"2025-05-21T09:58:10","guid":{"rendered":"https:\/\/gastronova.eu\/produkt\/teto-legkondicionalas\/"},"modified":"2025-05-21T11:58:10","modified_gmt":"2025-05-21T09:58:10","slug":"teto-legkondicionalas","status":"publish","type":"product","link":"https:\/\/gastronova.eu\/hu\/produkt\/teto-legkondicionalas\/","title":{"rendered":"Tet\u0151 l\u00e9gkondicion\u00e1l\u00e1s"},"content":{"rendered":"<p>Teljes\u00edtm\u00e9ny: 3 kW<\/p>\n<p>T\u00e1pell\u00e1t\u00e1s: 110 &#8211; 220 V<\/p>\n","protected":false},"excerpt":{"rendered":"<p>Teljes\u00edtm\u00e9ny: 3 kW T\u00e1pell\u00e1t\u00e1s: 110 &#8211; 220 V<\/p>\n","protected":false},"featured_media":28865,"comment_status":"open","ping_status":"closed","template":"","meta":[],"product_brand":[],"product_cat":[261,564],"product_tag":[],"class_list":{"0":"post-35845","1":"product","2":"type-product","3":"status-publish","4":"has-post-thumbnail","6":"product_cat-tartozekok-potkocsikhoz","7":"product_cat-legkondicionalas","9":"first","10":"instock","11":"sold-individually","12":"shipping-taxable","13":"purchasable","14":"product-type-simple"},"_links":{"self":[{"href":"https:\/\/gastronova.eu\/hu\/wp-json\/wp\/v2\/product\/35845","targetHints":{"allow":["GET"]}}],"collection":[{"href":"https:\/\/gastronova.eu\/hu\/wp-json\/wp\/v2\/product"}],"about":[{"href":"https:\/\/gastronova.eu\/hu\/wp-json\/wp\/v2\/types\/product"}],"replies":[{"embeddable":true,"href":"https:\/\/gastronova.eu\/hu\/wp-json\/wp\/v2\/comments?post=35845"}],"version-history":[{"count":0,"href":"https:\/\/gastronova.eu\/hu\/wp-json\/wp\/v2\/product\/35845\/revisions"}],"wp:featuredmedia":[{"embeddable":true,"href":"https:\/\/gastronova.eu\/hu\/wp-json\/wp\/v2\/media\/28865"}],"wp:attachment":[{"href":"https:\/\/gastronova.eu\/hu\/wp-json\/wp\/v2\/media?parent=35845"}],"wp:term":[{"taxonomy":"product_brand","embeddable":true,"href":"https:\/\/gastronova.eu\/hu\/wp-json\/wp\/v2\/product_brand?post=35845"},{"taxonomy":"product_cat","embeddable":true,"href":"https:\/\/gastronova.eu\/hu\/wp-json\/wp\/v2\/product_cat?post=35845"},{"taxonomy":"product_tag","embeddable":true,"href":"https:\/\/gastronova.eu\/hu\/wp-json\/wp\/v2\/product_tag?post=35845"}],"curies":[{"name":"wp","href":"https:\/\/api.w.org\/{rel}","templated":true}]}}