{"id":35847,"date":"2025-05-21T11:52:00","date_gmt":"2025-05-21T09:52:00","guid":{"rendered":"https:\/\/gastronova.eu\/produkt\/fali-legkondicionalo\/"},"modified":"2025-05-21T11:52:00","modified_gmt":"2025-05-21T09:52:00","slug":"fali-legkondicionalo","status":"publish","type":"product","link":"https:\/\/gastronova.eu\/hu\/produkt\/fali-legkondicionalo\/","title":{"rendered":"Fali l\u00e9gkondicion\u00e1l\u00f3"},"content":{"rendered":"<p>Teljes\u00edtm\u00e9ny 1: 1P = 2,5 kW<\/p>\n<p>Teljes\u00edtm\u00e9ny 2: 1,5P = 3,5 kW<\/p>\n","protected":false},"excerpt":{"rendered":"<p>Teljes\u00edtm\u00e9ny 1: 1P = 2,5 kW Teljes\u00edtm\u00e9ny 2: 1,5P = 3,5 kW<\/p>\n","protected":false},"featured_media":30383,"comment_status":"open","ping_status":"closed","template":"","meta":[],"product_brand":[],"product_cat":[261,564],"product_tag":[],"class_list":{"0":"post-35847","1":"product","2":"type-product","3":"status-publish","4":"has-post-thumbnail","6":"product_cat-tartozekok-potkocsikhoz","7":"product_cat-legkondicionalas","9":"first","10":"instock","11":"sold-individually","12":"shipping-taxable","13":"purchasable","14":"product-type-simple"},"_links":{"self":[{"href":"https:\/\/gastronova.eu\/hu\/wp-json\/wp\/v2\/product\/35847","targetHints":{"allow":["GET"]}}],"collection":[{"href":"https:\/\/gastronova.eu\/hu\/wp-json\/wp\/v2\/product"}],"about":[{"href":"https:\/\/gastronova.eu\/hu\/wp-json\/wp\/v2\/types\/product"}],"replies":[{"embeddable":true,"href":"https:\/\/gastronova.eu\/hu\/wp-json\/wp\/v2\/comments?post=35847"}],"version-history":[{"count":0,"href":"https:\/\/gastronova.eu\/hu\/wp-json\/wp\/v2\/product\/35847\/revisions"}],"wp:featuredmedia":[{"embeddable":true,"href":"https:\/\/gastronova.eu\/hu\/wp-json\/wp\/v2\/media\/30383"}],"wp:attachment":[{"href":"https:\/\/gastronova.eu\/hu\/wp-json\/wp\/v2\/media?parent=35847"}],"wp:term":[{"taxonomy":"product_brand","embeddable":true,"href":"https:\/\/gastronova.eu\/hu\/wp-json\/wp\/v2\/product_brand?post=35847"},{"taxonomy":"product_cat","embeddable":true,"href":"https:\/\/gastronova.eu\/hu\/wp-json\/wp\/v2\/product_cat?post=35847"},{"taxonomy":"product_tag","embeddable":true,"href":"https:\/\/gastronova.eu\/hu\/wp-json\/wp\/v2\/product_tag?post=35847"}],"curies":[{"name":"wp","href":"https:\/\/api.w.org\/{rel}","templated":true}]}}