{"id":35860,"date":"2025-05-21T12:18:43","date_gmt":"2025-05-21T10:18:43","guid":{"rendered":"https:\/\/gastronova.eu\/produkt\/doboz-2-gazpalack-szamara\/"},"modified":"2025-05-21T12:18:43","modified_gmt":"2025-05-21T10:18:43","slug":"doboz-2-gazpalack-szamara","status":"publish","type":"product","link":"https:\/\/gastronova.eu\/hu\/produkt\/doboz-2-gazpalack-szamara\/","title":{"rendered":"Doboz 2 g\u00e1zpalack sz\u00e1m\u00e1ra"},"content":{"rendered":"<p>M\u00e9ret: 720\/900 x 460 x 700 mm<\/p>\n<p>Nyit\u00e1s: ajt\u00f3 fel\u00fclr\u0151l vagy el\u00f6lr\u0151l<\/p>\n<p>Anyag: Rozsdamentes ac\u00e9l<\/p>\n","protected":false},"excerpt":{"rendered":"<p>M\u00e9ret: 720\/900 x 460 x 700 mm Nyit\u00e1s: ajt\u00f3 fel\u00fclr\u0151l vagy el\u00f6lr\u0151l Anyag: Rozsdamentes ac\u00e9l<\/p>\n","protected":false},"featured_media":28874,"comment_status":"open","ping_status":"closed","template":"","meta":[],"product_brand":[],"product_cat":[261,569],"product_tag":[],"class_list":{"0":"post-35860","1":"product","2":"type-product","3":"status-publish","4":"has-post-thumbnail","6":"product_cat-tartozekok-potkocsikhoz","7":"product_cat-rozsdamentes-acel-dobozok","9":"first","10":"instock","11":"sold-individually","12":"shipping-taxable","13":"purchasable","14":"product-type-simple"},"_links":{"self":[{"href":"https:\/\/gastronova.eu\/hu\/wp-json\/wp\/v2\/product\/35860","targetHints":{"allow":["GET"]}}],"collection":[{"href":"https:\/\/gastronova.eu\/hu\/wp-json\/wp\/v2\/product"}],"about":[{"href":"https:\/\/gastronova.eu\/hu\/wp-json\/wp\/v2\/types\/product"}],"replies":[{"embeddable":true,"href":"https:\/\/gastronova.eu\/hu\/wp-json\/wp\/v2\/comments?post=35860"}],"version-history":[{"count":0,"href":"https:\/\/gastronova.eu\/hu\/wp-json\/wp\/v2\/product\/35860\/revisions"}],"wp:featuredmedia":[{"embeddable":true,"href":"https:\/\/gastronova.eu\/hu\/wp-json\/wp\/v2\/media\/28874"}],"wp:attachment":[{"href":"https:\/\/gastronova.eu\/hu\/wp-json\/wp\/v2\/media?parent=35860"}],"wp:term":[{"taxonomy":"product_brand","embeddable":true,"href":"https:\/\/gastronova.eu\/hu\/wp-json\/wp\/v2\/product_brand?post=35860"},{"taxonomy":"product_cat","embeddable":true,"href":"https:\/\/gastronova.eu\/hu\/wp-json\/wp\/v2\/product_cat?post=35860"},{"taxonomy":"product_tag","embeddable":true,"href":"https:\/\/gastronova.eu\/hu\/wp-json\/wp\/v2\/product_tag?post=35860"}],"curies":[{"name":"wp","href":"https:\/\/api.w.org\/{rel}","templated":true}]}}