{"id":35861,"date":"2025-05-21T12:05:36","date_gmt":"2025-05-21T10:05:36","guid":{"rendered":"https:\/\/gastronova.eu\/produkt\/doboz-a-generatorhoz\/"},"modified":"2025-05-21T12:05:36","modified_gmt":"2025-05-21T10:05:36","slug":"doboz-a-generatorhoz","status":"publish","type":"product","link":"https:\/\/gastronova.eu\/hu\/produkt\/doboz-a-generatorhoz\/","title":{"rendered":"Doboz a gener\u00e1torhoz"},"content":{"rendered":"<p>M\u00e9ret:A gener\u00e1tor m\u00e9ret\u00e9nek megfelel\u0151en<\/p>\n","protected":false},"excerpt":{"rendered":"<p>M\u00e9ret:A gener\u00e1tor m\u00e9ret\u00e9nek megfelel\u0151en<\/p>\n","protected":false},"featured_media":28871,"comment_status":"open","ping_status":"closed","template":"","meta":[],"product_brand":[],"product_cat":[261,569],"product_tag":[],"class_list":{"0":"post-35861","1":"product","2":"type-product","3":"status-publish","4":"has-post-thumbnail","6":"product_cat-tartozekok-potkocsikhoz","7":"product_cat-rozsdamentes-acel-dobozok","9":"first","10":"instock","11":"sold-individually","12":"shipping-taxable","13":"purchasable","14":"product-type-simple"},"_links":{"self":[{"href":"https:\/\/gastronova.eu\/hu\/wp-json\/wp\/v2\/product\/35861","targetHints":{"allow":["GET"]}}],"collection":[{"href":"https:\/\/gastronova.eu\/hu\/wp-json\/wp\/v2\/product"}],"about":[{"href":"https:\/\/gastronova.eu\/hu\/wp-json\/wp\/v2\/types\/product"}],"replies":[{"embeddable":true,"href":"https:\/\/gastronova.eu\/hu\/wp-json\/wp\/v2\/comments?post=35861"}],"version-history":[{"count":0,"href":"https:\/\/gastronova.eu\/hu\/wp-json\/wp\/v2\/product\/35861\/revisions"}],"wp:featuredmedia":[{"embeddable":true,"href":"https:\/\/gastronova.eu\/hu\/wp-json\/wp\/v2\/media\/28871"}],"wp:attachment":[{"href":"https:\/\/gastronova.eu\/hu\/wp-json\/wp\/v2\/media?parent=35861"}],"wp:term":[{"taxonomy":"product_brand","embeddable":true,"href":"https:\/\/gastronova.eu\/hu\/wp-json\/wp\/v2\/product_brand?post=35861"},{"taxonomy":"product_cat","embeddable":true,"href":"https:\/\/gastronova.eu\/hu\/wp-json\/wp\/v2\/product_cat?post=35861"},{"taxonomy":"product_tag","embeddable":true,"href":"https:\/\/gastronova.eu\/hu\/wp-json\/wp\/v2\/product_tag?post=35861"}],"curies":[{"name":"wp","href":"https:\/\/api.w.org\/{rel}","templated":true}]}}