{"id":35883,"date":"2025-05-22T09:02:10","date_gmt":"2025-05-22T07:02:10","guid":{"rendered":"https:\/\/gastronova.eu\/produkt\/csapolo-4-x-pipa\/"},"modified":"2025-05-22T09:02:10","modified_gmt":"2025-05-22T07:02:10","slug":"csapolo-4-x-pipa","status":"publish","type":"product","link":"https:\/\/gastronova.eu\/hu\/produkt\/csapolo-4-x-pipa\/","title":{"rendered":"Csapol\u00f3 4 x Pipa"},"content":{"rendered":"<p>M\u00e9ret: 1240 x 600 x 840 mm<\/p>\n<p>Hely: 4 x 20 literes hord\u00f3hoz (a hord\u00f3k nem tartoznak bele).<\/p>\n","protected":false},"excerpt":{"rendered":"<p>M\u00e9ret: 1240 x 600 x 840 mm Hely: 4 x 20 literes hord\u00f3hoz (a hord\u00f3k nem tartoznak bele).<\/p>\n","protected":false},"featured_media":29036,"comment_status":"open","ping_status":"closed","template":"","meta":[],"product_brand":[],"product_cat":[467],"product_tag":[],"class_list":{"0":"post-35883","1":"product","2":"type-product","3":"status-publish","4":"has-post-thumbnail","6":"product_cat-hutoszekrenyek-fagyasztok","8":"first","9":"instock","10":"sold-individually","11":"shipping-taxable","12":"purchasable","13":"product-type-simple"},"_links":{"self":[{"href":"https:\/\/gastronova.eu\/hu\/wp-json\/wp\/v2\/product\/35883","targetHints":{"allow":["GET"]}}],"collection":[{"href":"https:\/\/gastronova.eu\/hu\/wp-json\/wp\/v2\/product"}],"about":[{"href":"https:\/\/gastronova.eu\/hu\/wp-json\/wp\/v2\/types\/product"}],"replies":[{"embeddable":true,"href":"https:\/\/gastronova.eu\/hu\/wp-json\/wp\/v2\/comments?post=35883"}],"version-history":[{"count":0,"href":"https:\/\/gastronova.eu\/hu\/wp-json\/wp\/v2\/product\/35883\/revisions"}],"wp:featuredmedia":[{"embeddable":true,"href":"https:\/\/gastronova.eu\/hu\/wp-json\/wp\/v2\/media\/29036"}],"wp:attachment":[{"href":"https:\/\/gastronova.eu\/hu\/wp-json\/wp\/v2\/media?parent=35883"}],"wp:term":[{"taxonomy":"product_brand","embeddable":true,"href":"https:\/\/gastronova.eu\/hu\/wp-json\/wp\/v2\/product_brand?post=35883"},{"taxonomy":"product_cat","embeddable":true,"href":"https:\/\/gastronova.eu\/hu\/wp-json\/wp\/v2\/product_cat?post=35883"},{"taxonomy":"product_tag","embeddable":true,"href":"https:\/\/gastronova.eu\/hu\/wp-json\/wp\/v2\/product_tag?post=35883"}],"curies":[{"name":"wp","href":"https:\/\/api.w.org\/{rel}","templated":true}]}}