{"id":35891,"date":"2025-05-22T09:04:51","date_gmt":"2025-05-22T07:04:51","guid":{"rendered":"https:\/\/gastronova.eu\/produkt\/20-l-keg-hordo\/"},"modified":"2025-05-22T09:04:51","modified_gmt":"2025-05-22T07:04:51","slug":"20-l-keg-hordo","status":"publish","type":"product","link":"https:\/\/gastronova.eu\/hu\/produkt\/20-l-keg-hordo\/","title":{"rendered":"20 L KEG hord\u00f3"},"content":{"rendered":"<p>\u00c1tm\u00e9r\u0151: 235 mm<\/p>\n<p>Magass\u00e1g: 590 mm<\/p>\n<p>Kapacit\u00e1s: 20 L<\/p>\n","protected":false},"excerpt":{"rendered":"<p>\u00c1tm\u00e9r\u0151: 235 mm Magass\u00e1g: 590 mm Kapacit\u00e1s: 20 L<\/p>\n","protected":false},"featured_media":29045,"comment_status":"open","ping_status":"closed","template":"","meta":[],"product_brand":[],"product_cat":[467],"product_tag":[],"class_list":{"0":"post-35891","1":"product","2":"type-product","3":"status-publish","4":"has-post-thumbnail","6":"product_cat-hutoszekrenyek-fagyasztok","8":"first","9":"instock","10":"sold-individually","11":"shipping-taxable","12":"purchasable","13":"product-type-simple"},"_links":{"self":[{"href":"https:\/\/gastronova.eu\/hu\/wp-json\/wp\/v2\/product\/35891","targetHints":{"allow":["GET"]}}],"collection":[{"href":"https:\/\/gastronova.eu\/hu\/wp-json\/wp\/v2\/product"}],"about":[{"href":"https:\/\/gastronova.eu\/hu\/wp-json\/wp\/v2\/types\/product"}],"replies":[{"embeddable":true,"href":"https:\/\/gastronova.eu\/hu\/wp-json\/wp\/v2\/comments?post=35891"}],"version-history":[{"count":0,"href":"https:\/\/gastronova.eu\/hu\/wp-json\/wp\/v2\/product\/35891\/revisions"}],"wp:featuredmedia":[{"embeddable":true,"href":"https:\/\/gastronova.eu\/hu\/wp-json\/wp\/v2\/media\/29045"}],"wp:attachment":[{"href":"https:\/\/gastronova.eu\/hu\/wp-json\/wp\/v2\/media?parent=35891"}],"wp:term":[{"taxonomy":"product_brand","embeddable":true,"href":"https:\/\/gastronova.eu\/hu\/wp-json\/wp\/v2\/product_brand?post=35891"},{"taxonomy":"product_cat","embeddable":true,"href":"https:\/\/gastronova.eu\/hu\/wp-json\/wp\/v2\/product_cat?post=35891"},{"taxonomy":"product_tag","embeddable":true,"href":"https:\/\/gastronova.eu\/hu\/wp-json\/wp\/v2\/product_tag?post=35891"}],"curies":[{"name":"wp","href":"https:\/\/api.w.org\/{rel}","templated":true}]}}