{"id":35928,"date":"2025-05-22T10:09:37","date_gmt":"2025-05-22T08:09:37","guid":{"rendered":"https:\/\/gastronova.eu\/produkt\/hutoszekreny-pizza-salata\/"},"modified":"2025-05-22T10:09:37","modified_gmt":"2025-05-22T08:09:37","slug":"hutoszekreny-pizza-salata","status":"publish","type":"product","link":"https:\/\/gastronova.eu\/hu\/produkt\/hutoszekreny-pizza-salata\/","title":{"rendered":"H\u0171t\u0151szekr\u00e9ny pizza\/sal\u00e1ta"},"content":{"rendered":"<p>M\u00e9ret: 1200\/1500\/1800\/2000 x 600 x 1050 mm<\/p>\n<p>Teljes\u00edtm\u00e9ny: 0,3 kW<\/p>\n<p>T\u00e1vols\u00e1g: 0-5\u00b0C<\/p>\n<p>Kapacit\u00e1s: 212\/292\/373\/427 L<\/p>\n<p>\u00c1lland\u00f3 h\u0151m\u00e9rs\u00e9klet fenntart\u00e1sa.<\/p>\n","protected":false},"excerpt":{"rendered":"<p>M\u00e9ret: 1200\/1500\/1800\/2000 x 600 x 1050 mm Teljes\u00edtm\u00e9ny: 0,3 kW T\u00e1vols\u00e1g: 0-5\u00b0C Kapacit\u00e1s: 212\/292\/373\/427 L \u00c1lland\u00f3 h\u0151m\u00e9rs\u00e9klet fenntart\u00e1sa.<\/p>\n","protected":false},"featured_media":29154,"comment_status":"open","ping_status":"closed","template":"","meta":[],"product_brand":[],"product_cat":[474],"product_tag":[],"class_list":{"0":"post-35928","1":"product","2":"type-product","3":"status-publish","4":"has-post-thumbnail","6":"product_cat-szelloztetett-hutoszekrenyek","8":"first","9":"instock","10":"sold-individually","11":"shipping-taxable","12":"purchasable","13":"product-type-simple"},"_links":{"self":[{"href":"https:\/\/gastronova.eu\/hu\/wp-json\/wp\/v2\/product\/35928","targetHints":{"allow":["GET"]}}],"collection":[{"href":"https:\/\/gastronova.eu\/hu\/wp-json\/wp\/v2\/product"}],"about":[{"href":"https:\/\/gastronova.eu\/hu\/wp-json\/wp\/v2\/types\/product"}],"replies":[{"embeddable":true,"href":"https:\/\/gastronova.eu\/hu\/wp-json\/wp\/v2\/comments?post=35928"}],"version-history":[{"count":0,"href":"https:\/\/gastronova.eu\/hu\/wp-json\/wp\/v2\/product\/35928\/revisions"}],"wp:featuredmedia":[{"embeddable":true,"href":"https:\/\/gastronova.eu\/hu\/wp-json\/wp\/v2\/media\/29154"}],"wp:attachment":[{"href":"https:\/\/gastronova.eu\/hu\/wp-json\/wp\/v2\/media?parent=35928"}],"wp:term":[{"taxonomy":"product_brand","embeddable":true,"href":"https:\/\/gastronova.eu\/hu\/wp-json\/wp\/v2\/product_brand?post=35928"},{"taxonomy":"product_cat","embeddable":true,"href":"https:\/\/gastronova.eu\/hu\/wp-json\/wp\/v2\/product_cat?post=35928"},{"taxonomy":"product_tag","embeddable":true,"href":"https:\/\/gastronova.eu\/hu\/wp-json\/wp\/v2\/product_tag?post=35928"}],"curies":[{"name":"wp","href":"https:\/\/api.w.org\/{rel}","templated":true}]}}