{"id":37531,"date":"2025-11-12T13:53:23","date_gmt":"2025-11-12T12:53:23","guid":{"rendered":"https:\/\/gastronova.eu\/?post_type=product&#038;p=37531"},"modified":"2026-02-10T14:56:57","modified_gmt":"2026-02-10T13:56:57","slug":"airstream-compact-400-standard-kopia","status":"publish","type":"product","link":"https:\/\/gastronova.eu\/hu\/produkt\/airstream-compact-400-standard-kopia\/","title":{"rendered":"Box 550 &#8211; B\u0151v\u00edtett felszerelts\u00e9g"},"content":{"rendered":"\t\t<div data-elementor-type=\"wp-post\" data-elementor-id=\"37531\" class=\"elementor elementor-37531 elementor-37527\" data-elementor-post-type=\"product\">\n\t\t\t\t<div class=\"wd-negative-gap elementor-element elementor-element-9d9e915 e-flex e-con-boxed e-con e-parent\" data-id=\"9d9e915\" data-element_type=\"container\">\n\t\t\t\t\t<div class=\"e-con-inner\">\n\t\t\t\t<div class=\"elementor-element elementor-element-89da46a elementor-widget elementor-widget-heading\" data-id=\"89da46a\" data-element_type=\"widget\" data-widget_type=\"heading.default\">\n\t\t\t\t<div class=\"elementor-widget-container\">\n\t\t\t\t\t<h2 class=\"elementor-heading-title elementor-size-default\">A Food Truck Box 550 meg\u00e9rkezik:<\/h2>\t\t\t\t<\/div>\n\t\t\t\t<\/div>\n\t\t\t\t<div class=\"elementor-element elementor-element-7620843 elementor-countdown--label-block elementor-widget elementor-widget-countdown\" data-id=\"7620843\" data-element_type=\"widget\" data-widget_type=\"countdown.default\">\n\t\t\t\t<div class=\"elementor-widget-container\">\n\t\t\t\t\t\t\t<div class=\"elementor-countdown-wrapper\" data-date=\"1764576000\">\n\t\t\t<div class=\"elementor-countdown-item\"><span class=\"elementor-countdown-digits elementor-countdown-days\"><\/span> <span class=\"elementor-countdown-label\">Nap<\/span><\/div><div class=\"elementor-countdown-item\"><span class=\"elementor-countdown-digits elementor-countdown-hours\"><\/span> <span class=\"elementor-countdown-label\">\u00d3ra<\/span><\/div><div class=\"elementor-countdown-item\"><span class=\"elementor-countdown-digits elementor-countdown-minutes\"><\/span> <span class=\"elementor-countdown-label\">Perc<\/span><\/div><div class=\"elementor-countdown-item\"><span class=\"elementor-countdown-digits elementor-countdown-seconds\"><\/span> <span class=\"elementor-countdown-label\">M\u00e1sodperc<\/span><\/div>\t\t<\/div>\n\t\t\t\t\t\t<\/div>\n\t\t\t\t<\/div>\n\t\t\t\t<div class=\"elementor-element elementor-element-7df6115 elementor-widget elementor-widget-wd_compare_img\" data-id=\"7df6115\" data-element_type=\"widget\" data-widget_type=\"wd_compare_img.default\">\n\t\t\t\t<div class=\"elementor-widget-container\">\n\t\t\t\t\t\t\t<div class=\"wd-compare-img-wrapp text-center\">\n\t\t\t<div class=\"wd-compare-img\">\n\t\t\t\t\t\t\t\t<div class=\"wd-after-img\">\n\t\t\t\t\t<img fetchpriority=\"high\" decoding=\"async\" width=\"800\" height=\"600\" src=\"https:\/\/gastronova.eu\/wp-content\/uploads\/2025\/11\/2.png\" class=\"attachment-full size-full\" alt=\"\" srcset=\"https:\/\/gastronova.eu\/wp-content\/uploads\/2025\/11\/2.png 800w, https:\/\/gastronova.eu\/wp-content\/uploads\/2025\/11\/2-400x300.png 400w, https:\/\/gastronova.eu\/wp-content\/uploads\/2025\/11\/2-768x576.png 768w, https:\/\/gastronova.eu\/wp-content\/uploads\/2025\/11\/2-430x323.png 430w, https:\/\/gastronova.eu\/wp-content\/uploads\/2025\/11\/2-700x525.png 700w, https:\/\/gastronova.eu\/wp-content\/uploads\/2025\/11\/2-150x113.png 150w\" sizes=\"(max-width: 800px) 100vw, 800px\">\t\t\t\t<\/div>\n\t\t\t\t\t\t\t<div class=\"wd-before-img\">\n\t\t\t\t\t<img decoding=\"async\" width=\"800\" height=\"600\" src=\"https:\/\/gastronova.eu\/wp-content\/uploads\/2025\/11\/Box-550-adjusted-1.png\" class=\"attachment-full size-full\" alt=\"\" srcset=\"https:\/\/gastronova.eu\/wp-content\/uploads\/2025\/11\/Box-550-adjusted-1.png 800w, https:\/\/gastronova.eu\/wp-content\/uploads\/2025\/11\/Box-550-adjusted-1-400x300.png 400w, https:\/\/gastronova.eu\/wp-content\/uploads\/2025\/11\/Box-550-adjusted-1-768x576.png 768w, https:\/\/gastronova.eu\/wp-content\/uploads\/2025\/11\/Box-550-adjusted-1-430x323.png 430w, https:\/\/gastronova.eu\/wp-content\/uploads\/2025\/11\/Box-550-adjusted-1-700x525.png 700w, https:\/\/gastronova.eu\/wp-content\/uploads\/2025\/11\/Box-550-adjusted-1-150x113.png 150w\" sizes=\"(max-width: 800px) 100vw, 800px\">\t\t\t\t<\/div>\n\t\t\t\t\t\t\t<div class=\"wd-compare-img-handle\">\n\t\t\t\t\t<span><\/span>\n\t\t\t\t<\/div>\n\t\t\t<\/div>\n\t\t<\/div>\n\t\t\t\t\t\t<\/div>\n\t\t\t\t<\/div>\n\t\t\t\t\t<\/div>\n\t\t\t\t<\/div>\n\t\t\t\t<\/div>\n\t\t","protected":false},"excerpt":{"rendered":"<p>A Box Medium a legsokoldal\u00fabb modell Box sorozatunkban. T\u00f6bb helyet k\u00edn\u00e1l a szem\u00e9lyzet \u00e9s a felszerel\u00e9s sz\u00e1m\u00e1ra, mik\u00f6zben meg\u0151rzi mobilit\u00e1s\u00e1t \u00e9s kedvez\u0151 \u00e1r\u00e1t. Egyenes falai \u00e9s azonos magass\u00e1ga a teljes sz\u00e9less\u00e9gben lehet\u0151v\u00e9 teszik a bels\u0151 t\u00e9r egyszer\u0171 tervez\u00e9s\u00e9t \u00e9s a gasztro technol\u00f3gi\u00e1k kompromisszumok n\u00e9lk\u00fcli be\u00e9p\u00edt\u00e9s\u00e9t.  <\/p>\n<p>Ezt a modellt <b>burgeres egys\u00e9geknek, street foodnak, hotdogosoknak, reggeliz\u0151 koncepci\u00f3knak vagy kisebb \u00e9ttermeknek<\/b> aj\u00e1nljuk, amelyek stabil m\u0171k\u00f6d\u00e9st \u00e9s nagyobb kapacit\u00e1st ig\u00e9nyelnek.<\/p>\n<p>A Box Medium az arany k\u00f6z\u00e9p\u00fat mindazok sz\u00e1m\u00e1ra, akik megb\u00edzhat\u00f3 megold\u00e1st keresnek mindennapi gasztro v\u00e1llalkoz\u00e1sukhoz.<\/p>\n","protected":false},"featured_media":39023,"comment_status":"open","ping_status":"closed","template":"","meta":[],"product_brand":[],"product_cat":[649,571],"product_tag":[],"class_list":{"0":"post-37531","1":"product","2":"type-product","3":"status-publish","4":"has-post-thumbnail","6":"product_cat-eladott-raktari-darabok","7":"product_cat-keszleten","9":"first","10":"instock","11":"sold-individually","12":"shipping-taxable","13":"purchasable","14":"product-type-simple"},"_links":{"self":[{"href":"https:\/\/gastronova.eu\/hu\/wp-json\/wp\/v2\/product\/37531","targetHints":{"allow":["GET"]}}],"collection":[{"href":"https:\/\/gastronova.eu\/hu\/wp-json\/wp\/v2\/product"}],"about":[{"href":"https:\/\/gastronova.eu\/hu\/wp-json\/wp\/v2\/types\/product"}],"replies":[{"embeddable":true,"href":"https:\/\/gastronova.eu\/hu\/wp-json\/wp\/v2\/comments?post=37531"}],"version-history":[{"count":3,"href":"https:\/\/gastronova.eu\/hu\/wp-json\/wp\/v2\/product\/37531\/revisions"}],"predecessor-version":[{"id":40456,"href":"https:\/\/gastronova.eu\/hu\/wp-json\/wp\/v2\/product\/37531\/revisions\/40456"}],"wp:featuredmedia":[{"embeddable":true,"href":"https:\/\/gastronova.eu\/hu\/wp-json\/wp\/v2\/media\/39023"}],"wp:attachment":[{"href":"https:\/\/gastronova.eu\/hu\/wp-json\/wp\/v2\/media?parent=37531"}],"wp:term":[{"taxonomy":"product_brand","embeddable":true,"href":"https:\/\/gastronova.eu\/hu\/wp-json\/wp\/v2\/product_brand?post=37531"},{"taxonomy":"product_cat","embeddable":true,"href":"https:\/\/gastronova.eu\/hu\/wp-json\/wp\/v2\/product_cat?post=37531"},{"taxonomy":"product_tag","embeddable":true,"href":"https:\/\/gastronova.eu\/hu\/wp-json\/wp\/v2\/product_tag?post=37531"}],"curies":[{"name":"wp","href":"https:\/\/api.w.org\/{rel}","templated":true}]}}