{"id":39372,"date":"2026-01-29T13:01:25","date_gmt":"2026-01-29T12:01:25","guid":{"rendered":"https:\/\/gastronova.eu\/?post_type=product&#038;p=39372"},"modified":"2026-02-10T14:59:58","modified_gmt":"2026-02-10T13:59:58","slug":"airstream-compact-400-standard-kopia-3","status":"publish","type":"product","link":"https:\/\/gastronova.eu\/hu\/produkt\/airstream-compact-400-standard-kopia-3\/","title":{"rendered":"Airstream Compact 400 Grill\/B\u00e1r 1"},"content":{"rendered":"\t\t<div data-elementor-type=\"wp-post\" data-elementor-id=\"39372\" class=\"elementor elementor-39372 elementor-39368\" data-elementor-post-type=\"product\">\n\t\t\t\t<div class=\"wd-negative-gap elementor-element elementor-element-810c55c e-flex e-con-boxed e-con e-parent\" data-id=\"810c55c\" data-element_type=\"container\">\n\t\t\t\t\t<div class=\"e-con-inner\">\n\t\t\t\t<div class=\"elementor-element elementor-element-bdf9727 elementor-widget elementor-widget-wd_text_block\" data-id=\"bdf9727\" data-element_type=\"widget\" data-widget_type=\"wd_text_block.default\">\n\t\t\t\t<div class=\"elementor-widget-container\">\n\t\t\t\t\t\t\t<div class=\"wd-text-block reset-last-child text-center\">\n\t\t\t\n\t\t\t<h1>A Food Truck hozz\u00e1nk \u00e9rkezik:<\/h1>\n\t\t\t\t\t<\/div>\n\t\t\t\t\t\t<\/div>\n\t\t\t\t<\/div>\n\t\t\t\t<div class=\"elementor-element elementor-element-01f9b25 elementor-countdown--label-block elementor-widget elementor-widget-countdown\" data-id=\"01f9b25\" data-element_type=\"widget\" data-widget_type=\"countdown.default\">\n\t\t\t\t<div class=\"elementor-widget-container\">\n\t\t\t\t\t\t\t<div class=\"elementor-countdown-wrapper\" data-date=\"1771246260\">\n\t\t\t<div class=\"elementor-countdown-item\"><span class=\"elementor-countdown-digits elementor-countdown-days\"><\/span> <span class=\"elementor-countdown-label\">nap<\/span><\/div><div class=\"elementor-countdown-item\"><span class=\"elementor-countdown-digits elementor-countdown-hours\"><\/span> <span class=\"elementor-countdown-label\">\u00f3ra<\/span><\/div><div class=\"elementor-countdown-item\"><span class=\"elementor-countdown-digits elementor-countdown-minutes\"><\/span> <span class=\"elementor-countdown-label\">perc<\/span><\/div><div class=\"elementor-countdown-item\"><span class=\"elementor-countdown-digits elementor-countdown-seconds\"><\/span> <span class=\"elementor-countdown-label\">m\u00e1sodperc<\/span><\/div>\t\t<\/div>\n\t\t\t\t\t\t<\/div>\n\t\t\t\t<\/div>\n\t\t\t\t\t<\/div>\n\t\t\t\t<\/div>\n\t\t<div class=\"wd-negative-gap elementor-element elementor-element-cdbc45d e-flex e-con-boxed e-con e-parent\" data-id=\"cdbc45d\" data-element_type=\"container\">\n\t\t\t\t\t<div class=\"e-con-inner\">\n\t\t\t\t<div class=\"elementor-element elementor-element-a0ec3fb elementor-widget elementor-widget-wd_compare_img\" data-id=\"a0ec3fb\" data-element_type=\"widget\" data-widget_type=\"wd_compare_img.default\">\n\t\t\t\t<div class=\"elementor-widget-container\">\n\t\t\t\t\t\t\t<div class=\"wd-compare-img-wrapp\">\n\t\t\t<div class=\"wd-compare-img\">\n\t\t\t\t\t\t\t\t<div class=\"wd-after-img\">\n\t\t\t\t\t<img fetchpriority=\"high\" decoding=\"async\" width=\"800\" height=\"600\" src=\"https:\/\/gastronova.eu\/wp-content\/uploads\/2026\/01\/IMG_5893.jpg\" class=\"attachment-full size-full\" alt=\"\" srcset=\"https:\/\/gastronova.eu\/wp-content\/uploads\/2026\/01\/IMG_5893.jpg 800w, https:\/\/gastronova.eu\/wp-content\/uploads\/2026\/01\/IMG_5893-400x300.jpg 400w, https:\/\/gastronova.eu\/wp-content\/uploads\/2026\/01\/IMG_5893-768x576.jpg 768w, https:\/\/gastronova.eu\/wp-content\/uploads\/2026\/01\/IMG_5893-430x323.jpg 430w, https:\/\/gastronova.eu\/wp-content\/uploads\/2026\/01\/IMG_5893-700x525.jpg 700w, https:\/\/gastronova.eu\/wp-content\/uploads\/2026\/01\/IMG_5893-150x113.jpg 150w\" sizes=\"(max-width: 800px) 100vw, 800px\">\t\t\t\t<\/div>\n\t\t\t\t\t\t\t<div class=\"wd-before-img\">\n\t\t\t\t\t<img decoding=\"async\" width=\"1285\" height=\"834\" src=\"https:\/\/gastronova.eu\/wp-content\/uploads\/2026\/01\/175dc004-f7d3-464f-be6a-159beaa6c72a.png\" class=\"attachment-full size-full\" alt=\"\" srcset=\"https:\/\/gastronova.eu\/wp-content\/uploads\/2026\/01\/175dc004-f7d3-464f-be6a-159beaa6c72a.png 1285w, https:\/\/gastronova.eu\/wp-content\/uploads\/2026\/01\/175dc004-f7d3-464f-be6a-159beaa6c72a-400x260.png 400w, https:\/\/gastronova.eu\/wp-content\/uploads\/2026\/01\/175dc004-f7d3-464f-be6a-159beaa6c72a-1233x800.png 1233w, https:\/\/gastronova.eu\/wp-content\/uploads\/2026\/01\/175dc004-f7d3-464f-be6a-159beaa6c72a-768x498.png 768w, https:\/\/gastronova.eu\/wp-content\/uploads\/2026\/01\/175dc004-f7d3-464f-be6a-159beaa6c72a-430x279.png 430w, https:\/\/gastronova.eu\/wp-content\/uploads\/2026\/01\/175dc004-f7d3-464f-be6a-159beaa6c72a-700x454.png 700w, https:\/\/gastronova.eu\/wp-content\/uploads\/2026\/01\/175dc004-f7d3-464f-be6a-159beaa6c72a-150x97.png 150w\" sizes=\"(max-width: 1285px) 100vw, 1285px\">\t\t\t\t<\/div>\n\t\t\t\t\t\t\t<div class=\"wd-compare-img-handle\">\n\t\t\t\t\t<span><\/span>\n\t\t\t\t<\/div>\n\t\t\t<\/div>\n\t\t<\/div>\n\t\t\t\t\t\t<\/div>\n\t\t\t\t<\/div>\n\t\t\t\t\t<\/div>\n\t\t\t\t<\/div>\n\t\t\t\t<\/div>\n\t\t","protected":false},"excerpt":{"rendered":"<p><span style=\"font-weight: 400;\">Az Airstream Compact az ikonikus diz\u00e1jn \u00e9s a praktikus t\u00f6m\u00f6rs\u00e9g t\u00f6k\u00e9letes kombin\u00e1ci\u00f3ja. Ez a 304-es t\u00edpus\u00fa rozsdamentes ac\u00e9lb\u00f3l k\u00e9sz\u00fclt p\u00f3tkocsi vizu\u00e1lisan kihagyhatatlan &#8211; a lekerek\u00edtett retro forma olyan amerikai st\u00edlust id\u00e9z, amelyre az \u00fcgyfelek azonnal eml\u00e9kezni fognak. A pr\u00e9mium min\u0151s\u00e9g\u0171 anyagok, az 5 cm-es szigetel\u00e9s \u00e9s a min\u0151s\u00e9gi kivitelez\u00e9s miatt ez a modell kiv\u00e1l\u00f3 v\u00e1laszt\u00e1s azoknak az \u00fczlettulajdonosoknak, akik els\u0151 l\u00e1t\u00e1sra leny\u0171g\u00f6zni akarnak.  <\/span><\/p>\n<p><span style=\"font-weight: 400;\">A Compact kompakt m\u00e9rete ide\u00e1lis kisebb gasztrokoncepci\u00f3khoz, mint pl. <\/span><b>k\u00e1v\u00e9z\u00f3, b\u00e1r, fagylaltoz\u00f3, prosecco kocsi<\/b><span style=\"font-weight: 400;\">  vagy prom\u00f3ci\u00f3s standok. K\u00f6nnyebben sz\u00e1ll\u00edthat\u00f3, kevesebb helyet foglal, \u00e9s ott is alkalmas, ahol kev\u00e9s a hely. <\/span><\/p>\n<p><span style=\"font-weight: 400;\">Ha kis m\u00e9retben, vizu\u00e1lisan kiemelked\u0151 megold\u00e1st keres, az Airstream Compact pontosan az, amire sz\u00fcks\u00e9ge van.<\/span><\/p>\n","protected":false},"featured_media":40550,"comment_status":"open","ping_status":"closed","template":"","meta":[],"product_brand":[],"product_cat":[649,571],"product_tag":[],"class_list":{"0":"post-39372","1":"product","2":"type-product","3":"status-publish","4":"has-post-thumbnail","6":"product_cat-eladott-raktari-darabok","7":"product_cat-keszleten","9":"first","10":"instock","11":"sold-individually","12":"shipping-taxable","13":"purchasable","14":"product-type-simple"},"_links":{"self":[{"href":"https:\/\/gastronova.eu\/hu\/wp-json\/wp\/v2\/product\/39372","targetHints":{"allow":["GET"]}}],"collection":[{"href":"https:\/\/gastronova.eu\/hu\/wp-json\/wp\/v2\/product"}],"about":[{"href":"https:\/\/gastronova.eu\/hu\/wp-json\/wp\/v2\/types\/product"}],"replies":[{"embeddable":true,"href":"https:\/\/gastronova.eu\/hu\/wp-json\/wp\/v2\/comments?post=39372"}],"version-history":[{"count":3,"href":"https:\/\/gastronova.eu\/hu\/wp-json\/wp\/v2\/product\/39372\/revisions"}],"predecessor-version":[{"id":40490,"href":"https:\/\/gastronova.eu\/hu\/wp-json\/wp\/v2\/product\/39372\/revisions\/40490"}],"wp:featuredmedia":[{"embeddable":true,"href":"https:\/\/gastronova.eu\/hu\/wp-json\/wp\/v2\/media\/40550"}],"wp:attachment":[{"href":"https:\/\/gastronova.eu\/hu\/wp-json\/wp\/v2\/media?parent=39372"}],"wp:term":[{"taxonomy":"product_brand","embeddable":true,"href":"https:\/\/gastronova.eu\/hu\/wp-json\/wp\/v2\/product_brand?post=39372"},{"taxonomy":"product_cat","embeddable":true,"href":"https:\/\/gastronova.eu\/hu\/wp-json\/wp\/v2\/product_cat?post=39372"},{"taxonomy":"product_tag","embeddable":true,"href":"https:\/\/gastronova.eu\/hu\/wp-json\/wp\/v2\/product_tag?post=39372"}],"curies":[{"name":"wp","href":"https:\/\/api.w.org\/{rel}","templated":true}]}}