{"id":39849,"date":"2026-02-02T19:48:53","date_gmt":"2026-02-02T18:48:53","guid":{"rendered":"https:\/\/gastronova.eu\/?post_type=product&#038;p=39849"},"modified":"2026-02-10T14:55:46","modified_gmt":"2026-02-10T13:55:46","slug":"airstream-compact-400-standard-kopia-kopia-kopia-kopia","status":"publish","type":"product","link":"https:\/\/gastronova.eu\/hu\/produkt\/airstream-compact-400-standard-kopia-kopia-kopia-kopia\/","title":{"rendered":"Rounder 1 &#8211; 280"},"content":{"rendered":"\t\t<div data-elementor-type=\"wp-post\" data-elementor-id=\"39849\" class=\"elementor elementor-39849 elementor-39845\" data-elementor-post-type=\"product\">\n\t\t\t\t<div class=\"wd-negative-gap elementor-element elementor-element-ed0adcc e-flex e-con-boxed e-con e-parent\" data-id=\"ed0adcc\" data-element_type=\"container\">\n\t\t\t\t\t<div class=\"e-con-inner\">\n\t\t\t\t<div class=\"elementor-element elementor-element-687f231 elementor-widget elementor-widget-wd_text_block\" data-id=\"687f231\" data-element_type=\"widget\" data-widget_type=\"wd_text_block.default\">\n\t\t\t\t<div class=\"elementor-widget-container\">\n\t\t\t\t\t\t\t<div class=\"wd-text-block reset-last-child text-center\">\n\t\t\t\n\t\t\t<h1><strong>A Food Truck hozz\u00e1nk \u00e9rkezik:<\/strong><\/h1>\n\t\t\t\t\t<\/div>\n\t\t\t\t\t\t<\/div>\n\t\t\t\t<\/div>\n\t\t\t\t<div class=\"elementor-element elementor-element-8308d62 elementor-countdown--label-block elementor-widget elementor-widget-countdown\" data-id=\"8308d62\" data-element_type=\"widget\" data-widget_type=\"countdown.default\">\n\t\t\t\t<div class=\"elementor-widget-container\">\n\t\t\t\t\t\t\t<div class=\"elementor-countdown-wrapper\" data-date=\"1773692160\">\n\t\t\t<div class=\"elementor-countdown-item\"><span class=\"elementor-countdown-digits elementor-countdown-days\"><\/span> <span class=\"elementor-countdown-label\">nap<\/span><\/div><div class=\"elementor-countdown-item\"><span class=\"elementor-countdown-digits elementor-countdown-hours\"><\/span> <span class=\"elementor-countdown-label\">\u00f3ra<\/span><\/div><div class=\"elementor-countdown-item\"><span class=\"elementor-countdown-digits elementor-countdown-minutes\"><\/span> <span class=\"elementor-countdown-label\">perc<\/span><\/div><div class=\"elementor-countdown-item\"><span class=\"elementor-countdown-digits elementor-countdown-seconds\"><\/span> <span class=\"elementor-countdown-label\">m\u00e1sodperc<\/span><\/div>\t\t<\/div>\n\t\t\t\t\t\t<\/div>\n\t\t\t\t<\/div>\n\t\t\t\t<div class=\"elementor-element elementor-element-62ee3d4 elementor-widget elementor-widget-wd_compare_img\" data-id=\"62ee3d4\" data-element_type=\"widget\" data-widget_type=\"wd_compare_img.default\">\n\t\t\t\t<div class=\"elementor-widget-container\">\n\t\t\t\t\t\t\t<div class=\"wd-compare-img-wrapp text-center\">\n\t\t\t<div class=\"wd-compare-img\">\n\t\t\t\t\t\t\t\t<div class=\"wd-after-img\">\n\t\t\t\t\t<img fetchpriority=\"high\" decoding=\"async\" width=\"800\" height=\"600\" src=\"https:\/\/gastronova.eu\/wp-content\/uploads\/2026\/02\/IMG_6613.jpg\" class=\"attachment-full size-full\" alt=\"\" srcset=\"https:\/\/gastronova.eu\/wp-content\/uploads\/2026\/02\/IMG_6613.jpg 800w, https:\/\/gastronova.eu\/wp-content\/uploads\/2026\/02\/IMG_6613-400x300.jpg 400w, https:\/\/gastronova.eu\/wp-content\/uploads\/2026\/02\/IMG_6613-768x576.jpg 768w, https:\/\/gastronova.eu\/wp-content\/uploads\/2026\/02\/IMG_6613-430x323.jpg 430w, https:\/\/gastronova.eu\/wp-content\/uploads\/2026\/02\/IMG_6613-700x525.jpg 700w, https:\/\/gastronova.eu\/wp-content\/uploads\/2026\/02\/IMG_6613-150x113.jpg 150w\" sizes=\"(max-width: 800px) 100vw, 800px\">\t\t\t\t<\/div>\n\t\t\t\t\t\t\t<div class=\"wd-before-img\">\n\t\t\t\t\t<img decoding=\"async\" width=\"800\" height=\"600\" src=\"https:\/\/gastronova.eu\/wp-content\/uploads\/2026\/02\/IMG_6620.jpg\" class=\"attachment-full size-full\" alt=\"\" srcset=\"https:\/\/gastronova.eu\/wp-content\/uploads\/2026\/02\/IMG_6620.jpg 800w, https:\/\/gastronova.eu\/wp-content\/uploads\/2026\/02\/IMG_6620-400x300.jpg 400w, https:\/\/gastronova.eu\/wp-content\/uploads\/2026\/02\/IMG_6620-768x576.jpg 768w, https:\/\/gastronova.eu\/wp-content\/uploads\/2026\/02\/IMG_6620-430x323.jpg 430w, https:\/\/gastronova.eu\/wp-content\/uploads\/2026\/02\/IMG_6620-700x525.jpg 700w, https:\/\/gastronova.eu\/wp-content\/uploads\/2026\/02\/IMG_6620-150x113.jpg 150w\" sizes=\"(max-width: 800px) 100vw, 800px\">\t\t\t\t<\/div>\n\t\t\t\t\t\t\t<div class=\"wd-compare-img-handle\">\n\t\t\t\t\t<span><\/span>\n\t\t\t\t<\/div>\n\t\t\t<\/div>\n\t\t<\/div>\n\t\t\t\t\t\t<\/div>\n\t\t\t\t<\/div>\n\t\t\t\t\t<\/div>\n\t\t\t\t<\/div>\n\t\t\t\t<\/div>\n\t\t","protected":false},"excerpt":{"rendered":"<p>A Rounder Compact ide\u00e1lis azoknak, akik a lehet\u0151 legegyszer\u0171bb bel\u00e9p\u00e9st keresik a mobil gasztron\u00f3mia vil\u00e1g\u00e1ba. K\u00f6nny\u00edtett \u00fcvegsz\u00e1las szerkezet\u00e9nek \u00e9s a <b>750 kg<\/b> alatti \u00f6sszt\u00f6meg\u00e9nek k\u00f6sz\u00f6nhet\u0151en ak\u00e1r norm\u00e1l <b>B<\/b> kateg\u00f3ri\u00e1s jogos\u00edtv\u00e1nnyal is vontathatod \u2013 nincs sz\u00fcks\u00e9g tov\u00e1bbi enged\u00e9lyekre vagy speci\u00e1lis j\u00e1rm\u0171re. <\/p>\n<p>A lekerek\u00edtett diz\u00e1jn vonzza a tekinteteket, mik\u00f6zben aerodinamikus \u00e9s k\u00f6nnyen kezelhet\u0151. Ez a modell ide\u00e1lis <b>fagylalt, k\u00e1v\u00e9, italok, prosecco, prom\u00f3ci\u00f3s standok vagy kisebb street food projektek<\/b> sz\u00e1m\u00e1ra, amelyek gyakran mozognak \u00e9s kisebb helyeken m\u0171k\u00f6dnek. <\/p>\n<p>Ha egy vizu\u00e1lisan vonz\u00f3, k\u00f6nny\u0171 \u00e9s praktikus ut\u00e1nfut\u00f3t keresel bonyodalmak n\u00e9lk\u00fcl, a Rounder Compact kiv\u00e1l\u00f3 v\u00e1laszt\u00e1s.<\/p>\n","protected":false},"featured_media":40531,"comment_status":"open","ping_status":"closed","template":"","meta":[],"product_brand":[],"product_cat":[657,571],"product_tag":[],"class_list":{"0":"post-39849","1":"product","2":"type-product","3":"status-publish","4":"has-post-thumbnail","6":"product_cat-raktaron-szlovakiaban","7":"product_cat-keszleten","9":"first","10":"instock","11":"sold-individually","12":"shipping-taxable","13":"purchasable","14":"product-type-simple"},"_links":{"self":[{"href":"https:\/\/gastronova.eu\/hu\/wp-json\/wp\/v2\/product\/39849","targetHints":{"allow":["GET"]}}],"collection":[{"href":"https:\/\/gastronova.eu\/hu\/wp-json\/wp\/v2\/product"}],"about":[{"href":"https:\/\/gastronova.eu\/hu\/wp-json\/wp\/v2\/types\/product"}],"replies":[{"embeddable":true,"href":"https:\/\/gastronova.eu\/hu\/wp-json\/wp\/v2\/comments?post=39849"}],"version-history":[{"count":3,"href":"https:\/\/gastronova.eu\/hu\/wp-json\/wp\/v2\/product\/39849\/revisions"}],"predecessor-version":[{"id":40421,"href":"https:\/\/gastronova.eu\/hu\/wp-json\/wp\/v2\/product\/39849\/revisions\/40421"}],"wp:featuredmedia":[{"embeddable":true,"href":"https:\/\/gastronova.eu\/hu\/wp-json\/wp\/v2\/media\/40531"}],"wp:attachment":[{"href":"https:\/\/gastronova.eu\/hu\/wp-json\/wp\/v2\/media?parent=39849"}],"wp:term":[{"taxonomy":"product_brand","embeddable":true,"href":"https:\/\/gastronova.eu\/hu\/wp-json\/wp\/v2\/product_brand?post=39849"},{"taxonomy":"product_cat","embeddable":true,"href":"https:\/\/gastronova.eu\/hu\/wp-json\/wp\/v2\/product_cat?post=39849"},{"taxonomy":"product_tag","embeddable":true,"href":"https:\/\/gastronova.eu\/hu\/wp-json\/wp\/v2\/product_tag?post=39849"}],"curies":[{"name":"wp","href":"https:\/\/api.w.org\/{rel}","templated":true}]}}