{"id":40466,"date":"2025-10-10T12:11:49","date_gmt":"2025-10-10T10:11:49","guid":{"rendered":"https:\/\/gastronova.eu\/produkt\/mover-utanfuto-mozgato\/"},"modified":"2025-10-10T12:11:49","modified_gmt":"2025-10-10T10:11:49","slug":"mover-utanfuto-mozgato","status":"publish","type":"product","link":"https:\/\/gastronova.eu\/hu\/produkt\/mover-utanfuto-mozgato\/","title":{"rendered":"Mover ut\u00e1nfut\u00f3 mozgat\u00f3"},"content":{"rendered":"<p><img fetchpriority=\"high\" decoding=\"async\" class=\"aligncenter wp-image-37420 size-large\" src=\"https:\/\/gastronova.eu\/wp-content\/uploads\/2025\/10\/Kreslici-platno-1-kopie-2upravena-kampan-e1771484713764.png\" alt=\"\" width=\"905\" height=\"800\"> <img decoding=\"async\" class=\"aligncenter wp-image-37440 size-large\" src=\"https:\/\/gastronova.eu\/wp-content\/uploads\/2025\/10\/Kreslici-platno-1-kopie-6upravena-kampan-e1771484747187.png\" alt=\"\" width=\"658\" height=\"800\"> <img decoding=\"async\" class=\"aligncenter wp-image-37425 size-large\" src=\"https:\/\/gastronova.eu\/wp-content\/uploads\/2025\/10\/Kreslici-platno-1-kopie-3upravena-kampan-751x800.png\" alt=\"\" width=\"751\" height=\"800\" srcset=\"https:\/\/gastronova.eu\/wp-content\/uploads\/2025\/10\/Kreslici-platno-1-kopie-3upravena-kampan-751x800.png 751w, https:\/\/gastronova.eu\/wp-content\/uploads\/2025\/10\/Kreslici-platno-1-kopie-3upravena-kampan-281x300.png 281w, https:\/\/gastronova.eu\/wp-content\/uploads\/2025\/10\/Kreslici-platno-1-kopie-3upravena-kampan-768x819.png 768w, https:\/\/gastronova.eu\/wp-content\/uploads\/2025\/10\/Kreslici-platno-1-kopie-3upravena-kampan-1441x1536.png 1441w, https:\/\/gastronova.eu\/wp-content\/uploads\/2025\/10\/Kreslici-platno-1-kopie-3upravena-kampan-1921x2048.png 1921w, https:\/\/gastronova.eu\/wp-content\/uploads\/2025\/10\/Kreslici-platno-1-kopie-3upravena-kampan-430x458.png 430w, https:\/\/gastronova.eu\/wp-content\/uploads\/2025\/10\/Kreslici-platno-1-kopie-3upravena-kampan-700x746.png 700w, https:\/\/gastronova.eu\/wp-content\/uploads\/2025\/10\/Kreslici-platno-1-kopie-3upravena-kampan-150x160.png 150w, https:\/\/gastronova.eu\/wp-content\/uploads\/2025\/10\/Kreslici-platno-1-kopie-3upravena-kampan.png 2032w\" sizes=\"(max-width: 751px) 100vw, 751px\" \/> <img loading=\"lazy\" decoding=\"async\" class=\"aligncenter wp-image-37435 size-large\" src=\"https:\/\/gastronova.eu\/wp-content\/uploads\/2025\/10\/Kreslici-platno-1-kopie-5upravena-kampan-e1771484776300.png\" alt=\"\" width=\"1205\" height=\"800\"> <img loading=\"lazy\" decoding=\"async\" class=\"aligncenter wp-image-37445 size-large\" src=\"https:\/\/gastronova.eu\/wp-content\/uploads\/2025\/10\/Kreslici-platno-1-kopie-7upravena-kampan-581x800.png\" alt=\"\" width=\"581\" height=\"800\" srcset=\"https:\/\/gastronova.eu\/wp-content\/uploads\/2025\/10\/Kreslici-platno-1-kopie-7upravena-kampan-581x800.png 581w, https:\/\/gastronova.eu\/wp-content\/uploads\/2025\/10\/Kreslici-platno-1-kopie-7upravena-kampan-218x300.png 218w, https:\/\/gastronova.eu\/wp-content\/uploads\/2025\/10\/Kreslici-platno-1-kopie-7upravena-kampan-768x1057.png 768w, https:\/\/gastronova.eu\/wp-content\/uploads\/2025\/10\/Kreslici-platno-1-kopie-7upravena-kampan-430x592.png 430w, https:\/\/gastronova.eu\/wp-content\/uploads\/2025\/10\/Kreslici-platno-1-kopie-7upravena-kampan-700x963.png 700w, https:\/\/gastronova.eu\/wp-content\/uploads\/2025\/10\/Kreslici-platno-1-kopie-7upravena-kampan-150x206.png 150w, https:\/\/gastronova.eu\/wp-content\/uploads\/2025\/10\/Kreslici-platno-1-kopie-7upravena-kampan.png 1053w\" sizes=\"(max-width: 581px) 100vw, 581px\" \/> <img loading=\"lazy\" decoding=\"async\" class=\"aligncenter wp-image-37430 size-large\" src=\"https:\/\/gastronova.eu\/wp-content\/uploads\/2025\/10\/Kreslici-platno-1-kopie-4upravena-kampan-481x800.png\" alt=\"\" width=\"481\" height=\"800\" srcset=\"https:\/\/gastronova.eu\/wp-content\/uploads\/2025\/10\/Kreslici-platno-1-kopie-4upravena-kampan-481x800.png 481w, https:\/\/gastronova.eu\/wp-content\/uploads\/2025\/10\/Kreslici-platno-1-kopie-4upravena-kampan-180x300.png 180w, https:\/\/gastronova.eu\/wp-content\/uploads\/2025\/10\/Kreslici-platno-1-kopie-4upravena-kampan-768x1279.png 768w, https:\/\/gastronova.eu\/wp-content\/uploads\/2025\/10\/Kreslici-platno-1-kopie-4upravena-kampan-923x1536.png 923w, https:\/\/gastronova.eu\/wp-content\/uploads\/2025\/10\/Kreslici-platno-1-kopie-4upravena-kampan-1230x2048.png 1230w, https:\/\/gastronova.eu\/wp-content\/uploads\/2025\/10\/Kreslici-platno-1-kopie-4upravena-kampan-430x716.png 430w, https:\/\/gastronova.eu\/wp-content\/uploads\/2025\/10\/Kreslici-platno-1-kopie-4upravena-kampan-700x1165.png 700w, https:\/\/gastronova.eu\/wp-content\/uploads\/2025\/10\/Kreslici-platno-1-kopie-4upravena-kampan-150x250.png 150w, https:\/\/gastronova.eu\/wp-content\/uploads\/2025\/10\/Kreslici-platno-1-kopie-4upravena-kampan.png 1301w\" sizes=\"(max-width: 481px) 100vw, 481px\" \/> <img loading=\"lazy\" decoding=\"async\" class=\"aligncenter wp-image-37450 size-large\" src=\"https:\/\/gastronova.eu\/wp-content\/uploads\/2025\/10\/Kreslici-platno-1-kopieupravena-kampan-724x800.png\" alt=\"\" width=\"724\" height=\"800\" srcset=\"https:\/\/gastronova.eu\/wp-content\/uploads\/2025\/10\/Kreslici-platno-1-kopieupravena-kampan-724x800.png 724w, https:\/\/gastronova.eu\/wp-content\/uploads\/2025\/10\/Kreslici-platno-1-kopieupravena-kampan-271x300.png 271w, https:\/\/gastronova.eu\/wp-content\/uploads\/2025\/10\/Kreslici-platno-1-kopieupravena-kampan-768x849.png 768w, https:\/\/gastronova.eu\/wp-content\/uploads\/2025\/10\/Kreslici-platno-1-kopieupravena-kampan-1390x1536.png 1390w, https:\/\/gastronova.eu\/wp-content\/uploads\/2025\/10\/Kreslici-platno-1-kopieupravena-kampan-1853x2048.png 1853w, https:\/\/gastronova.eu\/wp-content\/uploads\/2025\/10\/Kreslici-platno-1-kopieupravena-kampan-430x475.png 430w, https:\/\/gastronova.eu\/wp-content\/uploads\/2025\/10\/Kreslici-platno-1-kopieupravena-kampan-700x774.png 700w, https:\/\/gastronova.eu\/wp-content\/uploads\/2025\/10\/Kreslici-platno-1-kopieupravena-kampan-150x166.png 150w, https:\/\/gastronova.eu\/wp-content\/uploads\/2025\/10\/Kreslici-platno-1-kopieupravena-kampan.png 1960w\" sizes=\"(max-width: 724px) 100vw, 724px\" \/><\/p>\n","protected":false},"excerpt":{"rendered":"<p>F\u0151bb jellemz\u0151k: Ez a t\u00e1vir\u00e1ny\u00edt\u00e1s\u00fa lak\u00f3kocsi- \u00e9s ut\u00e1nfut\u00f3-mozgat\u00f3 ak\u00e1r 2500 kg teherb\u00edr\u00e1ssal rendelkezik, biztos\u00edtva az ut\u00e1nfut\u00f3k \u00e9s lak\u00f3kocsik biztons\u00e1gos \u00e9s hat\u00e9kony sz\u00e1ll\u00edt\u00e1s\u00e1t. 24 V-os akkumul\u00e1torral van felszerelve, kevesebb mint 1%-os kompenz\u00e1ci\u00f3s ar\u00e1nnyal a pontos vez\u00e9rl\u00e9s \u00e9rdek\u00e9ben, \u00e9s szitanyom\u00e1ssal szem\u00e9lyre szabhat\u00f3. Az UN38.3, EMC, MSDS, IEC62133 \u00e9s MD szabv\u00e1nyok szerint tan\u00fas\u00edtott, megfelel a nemzetk\u00f6zi biztons\u00e1gi \u00e9s szab\u00e1lyoz\u00e1si norm\u00e1knak, \u00e9s glob\u00e1lis v\u00e1s\u00e1rl\u00f3knak biztos\u00edtja a piaci hozz\u00e1f\u00e9r\u00e9st.  <\/p>\n","protected":false},"featured_media":37497,"comment_status":"open","ping_status":"closed","template":"","meta":[],"product_brand":[],"product_cat":[659],"product_tag":[],"class_list":{"0":"post-40466","1":"product","2":"type-product","3":"status-publish","4":"has-post-thumbnail","6":"product_cat-mover-utanfuto-mozgato","8":"first","9":"instock","10":"sold-individually","11":"shipping-taxable","12":"purchasable","13":"product-type-simple"},"_links":{"self":[{"href":"https:\/\/gastronova.eu\/hu\/wp-json\/wp\/v2\/product\/40466","targetHints":{"allow":["GET"]}}],"collection":[{"href":"https:\/\/gastronova.eu\/hu\/wp-json\/wp\/v2\/product"}],"about":[{"href":"https:\/\/gastronova.eu\/hu\/wp-json\/wp\/v2\/types\/product"}],"replies":[{"embeddable":true,"href":"https:\/\/gastronova.eu\/hu\/wp-json\/wp\/v2\/comments?post=40466"}],"version-history":[{"count":0,"href":"https:\/\/gastronova.eu\/hu\/wp-json\/wp\/v2\/product\/40466\/revisions"}],"wp:featuredmedia":[{"embeddable":true,"href":"https:\/\/gastronova.eu\/hu\/wp-json\/wp\/v2\/media\/37497"}],"wp:attachment":[{"href":"https:\/\/gastronova.eu\/hu\/wp-json\/wp\/v2\/media?parent=40466"}],"wp:term":[{"taxonomy":"product_brand","embeddable":true,"href":"https:\/\/gastronova.eu\/hu\/wp-json\/wp\/v2\/product_brand?post=40466"},{"taxonomy":"product_cat","embeddable":true,"href":"https:\/\/gastronova.eu\/hu\/wp-json\/wp\/v2\/product_cat?post=40466"},{"taxonomy":"product_tag","embeddable":true,"href":"https:\/\/gastronova.eu\/hu\/wp-json\/wp\/v2\/product_tag?post=40466"}],"curies":[{"name":"wp","href":"https:\/\/api.w.org\/{rel}","templated":true}]}}